{"id":2547,"date":"2021-01-21T17:56:42","date_gmt":"2021-01-21T16:56:42","guid":{"rendered":"https:\/\/testde.sessionlinkpro.com\/?page_id=2547"},"modified":"2025-10-16T13:18:38","modified_gmt":"2025-10-16T11:18:38","slug":"produkt-vergleich","status":"publish","type":"page","link":"https:\/\/de.sessionlinkpro.com\/?page_id=2547","title":{"rendered":"Produkt-Vergleich"},"content":{"rendered":"<div class=\"enigma_heading_title\">\r\n<h3>Produkt-Vergleich<\/h3>\t\t\r\n<\/div>\r\n<div id=\"comp_wrapper\" style=\"margin: 0 auto; text-align: center;\"><div  tabindex=\"-1\" aria-hidden=\"true\" id=\"prod_help\"><i class=\"fa fa-question-circle\" aria-hidden=\"true\" style=\"font-size: 20px; vertical-align: middle; margin-right: 10px;\"><\/i><span style=\"vertical-align: middle;\">Hilf mir bei der Auswahl des passenden Produkts<\/span><\/div><div id=\"prod_selector\" class=\"prod_selector_hidden\">\r\n<table style=\"width: auto;\">\r\n    <tr><td id=\"label1\">Wof\u00fcr m\u00f6chtest Du SessionLinkPRO verwenden?<\/td><td><select id=\"helper_usecase\">\r\n        <option aria-labelledby=\"label1\" value=\"n\/a\">bitte w\u00e4hlen&#8230;<\/option>\r\n        <option value=\"1,1,1,1,1\">Ich m\u00f6chte entfernte G\u00e4ste aufnehmen<\/option>\r\n        <option value=\"1,1,1,1,1\">Ich m\u00f6chte entfernte G\u00e4ste mith\u00f6ren oder Regie f\u00fchren lassen<\/option>\r\n        <option value=\"0,1,0,0,1\">Ich ben\u00f6tige eine Remote-Review-L\u00f6sung<\/option>\r\n        <option value=\"0,0,0,0,1\">Ich ben\u00f6tige eine L\u00f6sung f\u00fcr Remote-Kommetatoren<\/option>\r\n        <option value=\"1,0,0,1,0\">Ich m\u00f6chte Podcasts aufnehmen<\/option>\r\n    <\/select><\/td><\/tr>\r\n    <tr><td id=\"label2\">Sollen die Audiosignale der entfernten G\u00e4ste aufgenommen werden?<\/td><td><select id=\"helper_recording\">\r\n        <option aria-labelledby=\"label2\" value=\"n\/a\">bitte w\u00e4hlen&#8230;<\/option>\r\n        <option value=\"1,1,1,1,1\">Ich m\u00f6chte in meiner DAW aufnehmen<\/option>\r\n        <option value=\"1,0,0,1,0\">Ich m\u00f6chte direkt im Programm aufnehmen<\/option>\r\n        <option value=\"1,1,1,1,1\">Eine Aufnahme wird nicht ben\u00f6tigt<\/option>\r\n    <\/select><\/td><\/tr>\r\n    <tr><td id=\"label3\">Wie viele G\u00e4ste sollen an einer Session teilnehmen k\u00f6nnen?<\/td><td><select id=\"helper_guestnumber\">\r\n        <option aria-labelledby=\"label3\" value=\"n\/a\">bitte w\u00e4hlen&#8230;<\/option>\r\n        <option value=\"1,1,1,1,1\">1<\/option>\r\n        <option value=\"1,1,1,1,1\">2<\/option>\r\n        <option value=\"0,1,1,1,0\">3<\/option>\r\n        <option value=\"0,1,0,0,0\">4<\/option>\r\n        <option value=\"0,1,0,0,0\">5<\/option>\r\n    <\/select><\/td><\/tr>\r\n    <tr><td id=\"label4\">Soll auch Video \u00fcbetragen werden?<\/td><td><select id=\"helper_video\">\r\n        <option aria-labelledby=\"label4\" value=\"n\/a\">bitte w\u00e4hlen&#8230;<\/option>\r\n        <option value=\"1,1,1,1,1\">Eine Video\u00fcbertragung ist nicht n\u00f6tig<\/option>\r\n        <option value=\"1,1,1,1,1\">Ich m\u00f6chte einen Videostream senden<\/option>\r\n        <option value=\"1,1,0,1,1\">Ich m\u00f6chte einen Videostream empfangen<\/option>\r\n        <option value=\"1,1,0,1,1\">Ich m\u00f6chte Videostreams senden und empfangen<\/option>\r\n    <\/select><\/td><\/tr>\r\n    <tr><td id=\"label5\">Ben\u00f6tigst Du eine MIDI-\u00dcbetragung?<\/td><td><select id=\"helper_midi\">\r\n        <option aria-labelledby=\"label5\" value=\"n\/a\">bitte w\u00e4hlen&#8230;<\/option>\r\n        <option value=\"1,1,1,1,1\">MIDI ist nicht erforderlich<\/option>\r\n        <option value=\"1,0,1,0,0\">Ich ben\u00f6tige eine MIDI-\u00dcbertragung<\/option>\r\n    <\/select><\/td><\/tr>\r\n<\/table>\r\n<\/div><table style=\"position: relative; z-index: 2; background: #ffffff;\">\r\n    <colgroup><col><col id=\"col_rec\"><col id=\"col_con\"><col id=\"col_dub\"><col id=\"col_pod\"><col id=\"col_com\"><\/colgroup>\r\n    <tr id=\"comp_header\"><td><\/td><th scope=\"col\" id=\"th_rec\" style=\"font-size: 16px; text-align: center; padding: 8px\"><a href=\".\/?page_id=2\">Recording<\/a><\/th><th scope=\"col\" id=\"th_con\" style=\"font-size: 16px; text-align: center; padding: 8px\"><a href=\".\/?page_id=24\">Conferencing<\/a><\/th><th scope=\"col\" id=\"th_dub\" style=\"font-size: 16px; text-align: center; padding: 8px\"><a href=\".\/?page_id=2526\">Dubbing<\/a><\/th><th scope=\"col\" id=\"th_pod\" style=\"font-size: 16px; text-align: center; padding: 8px\"><a href=\".\/?page_id=3342\">Podcasting<\/a><\/th><th scope=\"col\" id=\"th_com\" style=\"font-size: 16px; text-align: center; padding: 8px\"><a href=\".\/?page_id=3581\">Commenting<\/a><\/th><\/tr>\r\n    <tr><th scope=\"row\">Anzahl der G\u00e4ste<\/th><td>2<\/td><td>5<\/td><td>3<\/td><td>3<\/td><td>2<\/td><\/tr>\r\n    <tr><th scope=\"row\">Max. Audioqualit\u00e4t<\/th><td style=\"vertical-align: top;\"><strong>OPUS:<\/strong><br>256 kbit\/s Mono<br>510 kbit\/s Stereo<br>&#8212;<br><strong>L16:<\/strong><br>PCM Mono<br>PCM Stereo<\/td><td style=\"vertical-align: top;\"><strong>OPUS:<\/strong><br>192 kbit\/s Mono<\/td><td style=\"vertical-align: top;\"><strong>OPUS:<\/strong><br>256 kbit\/s Mono<br>&#8212;<br><strong>L16:<\/strong><br>PCM Mono<\/td><td style=\"vertical-align: top;\"><strong>OPUS:<\/strong><br>256 kbit\/s Mono<\/td><td style=\"vertical-align: top;\"><strong>OPUS:<\/strong><br>256 kbit\/s Mono<br>384 kbit\/s Stereo<\/td><\/tr>\r\n    <tr><th scope=\"row\">Signaltrennung<\/th><td class=\"ok\"><span aria-hidden=\"true\">&#10004;<\/span><span class=\"vis_hide\">unterst\u00fctzt<\/span><\/td><\/td><td class=\"nok\"><span aria-hidden=\"true\">&#10008;<\/span><span class=\"vis_hide\">nicht unterst\u00fctzt<\/span><\/td><td class=\"ok\"><span aria-hidden=\"true\">&#10004;<\/span><span class=\"vis_hide\">unterst\u00fctzt<\/span><\/td><td class=\"ok\"><span aria-hidden=\"true\">&#10004;<\/span><span class=\"vis_hide\">unterst\u00fctzt<\/span><\/td><td class=\"ok\"><span aria-hidden=\"true\">&#10004;<\/span><span class=\"vis_hide\">unterst\u00fctzt<\/span><\/td><\/tr>\r\n    <tr><th scope=\"row\">Separate Programm-\/<br>Kommunikationskan&auml;le<\/th><td class=\"nok\"><span aria-hidden=\"true\">&#10008;<\/span><span class=\"vis_hide\">nicht unterst\u00fctzt<\/span><\/td><td class=\"nok\"><span aria-hidden=\"true\">&#10008;<\/span><span class=\"vis_hide\">nicht unterst\u00fctzt<\/span><\/td><td class=\"nok\"><span aria-hidden=\"true\">&#10008;<\/span><span class=\"vis_hide\">nicht unterst\u00fctzt<\/span><\/td><td class=\"nok\"><span aria-hidden=\"true\">&#10008;<\/span><span class=\"vis_hide\">nicht unterst\u00fctzt<\/span><\/td><td class=\"ok\"><span aria-hidden=\"true\">&#10004;<\/span><span class=\"vis_hide\">unterst\u00fctzt<\/span><\/td><\/tr>\r\n    <tr><th scope=\"row\">Erweitertes Audio-Routing<\/th><td class=\"nok\"><span aria-hidden=\"true\">&#10008;<\/span><span class=\"vis_hide\">nicht unterst\u00fctzt<\/span><\/td><td class=\"nok\"><span aria-hidden=\"true\">&#10008;<\/span><span class=\"vis_hide\">nicht unterst\u00fctzt<\/span><\/td><td class=\"nok\"><span aria-hidden=\"true\">&#10008;<\/span><span class=\"vis_hide\">nicht unterst\u00fctzt<\/span><\/td><td class=\"ok\"><span aria-hidden=\"true\">&#10004;<\/span><span class=\"vis_hide\">unterst\u00fctzt<\/span><\/td><td class=\"ok\"><span aria-hidden=\"true\">&#10004;<\/span><span class=\"vis_hide\">unterst\u00fctzt<\/span><\/td><\/tr>\r\n    <tr><th scope=\"row\">MIDI-Unterst\u00fctzung<\/th><td class=\"ok\"><span aria-hidden=\"true\">&#10004;<\/span><span class=\"vis_hide\">unterst\u00fctzt<\/span><\/td><td class=\"nok\"><span aria-hidden=\"true\">&#10008;<\/span><span class=\"vis_hide\">nicht unterst\u00fctzt<\/span><\/td><td class=\"ok\"><span aria-hidden=\"true\">&#10004;<\/span><span class=\"vis_hide\">unterst\u00fctzt<\/span><\/td><td class=\"nok\"><span aria-hidden=\"true\">&#10008;<\/span><span class=\"vis_hide\">nicht unterst\u00fctzt<\/span><\/td><td class=\"nok\"><span aria-hidden=\"true\">&#10008;<\/span><span class=\"vis_hide\">nicht unterst\u00fctzt<\/span><\/td><\/tr>\r\n    <tr><th scope=\"row\">Aufnahmefunktion<\/th><td class=\"ok\"><span aria-hidden=\"true\">&#10004;<\/span><span class=\"vis_hide\">unterst\u00fctzt<\/span><\/td><td class=\"nok\"><span aria-hidden=\"true\">&#10008;<\/span><span class=\"vis_hide\">nicht unterst\u00fctzt<\/span><\/td><td class=\"ok\"><span aria-hidden=\"true\">&#10004;<\/span><span class=\"vis_hide\">unterst\u00fctzt<\/span><\/td><td class=\"ok\"><span aria-hidden=\"true\">&#10004;<\/span><span class=\"vis_hide\">unterst\u00fctzt<\/span><\/td><td class=\"nok\"><span aria-hidden=\"true\">&#10008;<\/span><span class=\"vis_hide\">nicht unterst\u00fctzt<\/span><\/td><\/tr>\r\n    <tr><th scope=\"row\">Automatisierte Aufnahme<br>48 kHz, 24 Bit, inkl. Timecode<\/th><td class=\"nok\"><span aria-hidden=\"true\">&#10008;<\/span><span class=\"vis_hide\">nicht unterst\u00fctzt<\/span><\/td><td class=\"nok\"><span aria-hidden=\"true\">&#10008;<\/span><span class=\"vis_hide\">nicht unterst\u00fctzt<\/span><\/td><td class=\"ok\"><span aria-hidden=\"true\">&#10004;<\/span><span class=\"vis_hide\">unterst\u00fctzt<\/span><\/td><td class=\"nok\"><span aria-hidden=\"true\">&#10008;<\/span><span class=\"vis_hide\">nicht unterst\u00fctzt<\/span><\/td><td class=\"nok\"><span aria-hidden=\"true\">&#10008;<\/span><span class=\"vis_hide\">nicht unterst\u00fctzt<\/span><\/td><\/tr>\r\n    <tr><th scope=\"row\">Video-Unterst\u00fctzung<\/th><td>mit kostenlosem<br>Video Add-on<\/td><td class=\"ok\"><span aria-hidden=\"true\">&#10004;<\/span><span class=\"vis_hide\">unterst\u00fctzt<\/span><\/td><td class=\"ok\"><span aria-hidden=\"true\">&#10004;<\/span><span class=\"vis_hide\">unterst\u00fctzt<\/span><\/td><td class=\"ok\"><span aria-hidden=\"true\">&#10004;<\/span><span class=\"vis_hide\">unterst\u00fctzt<\/span><\/td><td class=\"ok\"><span aria-hidden=\"true\">&#10004;<\/span><span class=\"vis_hide\">unterst\u00fctzt<\/span><\/td><\/tr>\r\n    <tr><th scope=\"row\">Max. Videoqualit\u00e4t<\/th><td>1920&#215;1080 @ 5 Mbit\/s<\/td><td>1920&#215;1080 @ 5 Mbit\/s<\/td><td>1920&#215;1080 @ 5 Mbit\/s<\/td><td>Browser-Standard<\/td><td>1920&#215;1080 @ 5 Mbit\/s<\/td><\/tr>\r\n    <tr><th scope=\"row\">Video-Wasserzeichen<\/th><td class=\"nok\"><span aria-hidden=\"true\">&#10008;<\/span><span class=\"vis_hide\">nicht unterst\u00fctzt<\/span><\/td><td class=\"nok\"><span aria-hidden=\"true\">&#10008;<\/span><span class=\"vis_hide\">nicht unterst\u00fctzt<\/span><\/td><td class=\"ok\"><span aria-hidden=\"true\">&#10004;<\/span><span class=\"vis_hide\">unterst\u00fctzt<\/span><\/td><td class=\"nok\"><span aria-hidden=\"true\">&#10008;<\/span><span class=\"vis_hide\">nicht unterst\u00fctzt<\/span><\/td><td class=\"nok\"><span aria-hidden=\"true\">&#10008;<\/span><span class=\"vis_hide\">nicht unterst\u00fctzt<\/span><\/td><\/tr>\r\n    <tr><th scope=\"row\">Verschl\u00fcsselung<\/th><td class=\"ok\"><span aria-hidden=\"true\">&#10004;<\/span><span class=\"vis_hide\">unterst\u00fctzt<\/span><\/td><td class=\"ok\"><span aria-hidden=\"true\">&#10004;<\/span><span class=\"vis_hide\">unterst\u00fctzt<\/span><\/td><td class=\"ok\"><span aria-hidden=\"true\">&#10004;<\/span><span class=\"vis_hide\">unterst\u00fctzt<\/span><\/td><td class=\"ok\"><span aria-hidden=\"true\">&#10004;<\/span><span class=\"vis_hide\">unterst\u00fctzt<\/span><\/td><td class=\"ok\"><span aria-hidden=\"true\">&#10004;<\/span><span class=\"vis_hide\">unterst\u00fctzt<\/span><\/td><\/tr>\r\n    <tr><th scope=\"row\">Erh\u00f6hte Sicherheit<\/th><td class=\"nok\"><span aria-hidden=\"true\">&#10008;<\/span><span class=\"vis_hide\">nicht unterst\u00fctzt<\/span><\/td><td class=\"nok\"><span aria-hidden=\"true\">&#10008;<\/span><span class=\"vis_hide\">nicht unterst\u00fctzt<\/span><\/td><td class=\"ok\"><span aria-hidden=\"true\">&#10004;<\/span><span class=\"vis_hide\">unterst\u00fctzt<\/span><\/td><td class=\"nok\"><span aria-hidden=\"true\">&#10008;<\/span><span class=\"vis_hide\">nicht unterst\u00fctzt<\/span><\/td><td class=\"nok\"><span aria-hidden=\"true\">&#10008;<\/span><span class=\"vis_hide\">nicht unterst\u00fctzt<\/span><\/td><\/tr>\r\n    <tr><th scope=\"row\">Netzwerk-Test (Gast)<\/th><td class=\"nok\"><span aria-hidden=\"true\">&#10008;<\/span><span class=\"vis_hide\">nicht unterst\u00fctzt<\/span><\/td><td class=\"nok\"><span aria-hidden=\"true\">&#10008;<\/span><span class=\"vis_hide\">nicht unterst\u00fctzt<\/span><\/td><td class=\"ok\"><span aria-hidden=\"true\">&#10004;<\/span><span class=\"vis_hide\">unterst\u00fctzt<\/span><\/td><td class=\"nok\"><span aria-hidden=\"true\">&#10008;<\/span><span class=\"vis_hide\">nicht unterst\u00fctzt<\/span><\/td><td class=\"ok\"><span aria-hidden=\"true\">&#10004;<\/span><span class=\"vis_hide\">unterst\u00fctzt<\/span><\/td><\/tr>\r\n    <tr><th scope=\"row\">SIP-Client<\/th><td class=\"nok\"><span aria-hidden=\"true\">&#10008;<\/span><span class=\"vis_hide\">nicht unterst\u00fctzt<\/span><\/td><td class=\"ok\"><span aria-hidden=\"true\">&#10004;<\/span><span class=\"vis_hide\">unterst\u00fctzt<\/span><\/td><td class=\"nok\"><span aria-hidden=\"true\">&#10008;<\/span><span class=\"vis_hide\">nicht unterst\u00fctzt<\/span><\/td><td class=\"nok\"><span aria-hidden=\"true\">&#10008;<\/span><span class=\"vis_hide\">nicht unterst\u00fctzt<\/span><\/td><td class=\"nok\"><span aria-hidden=\"true\">&#10008;<\/span><span class=\"vis_hide\">nicht unterst\u00fctzt<\/span><\/td><\/tr>\r\n    <tr><th scope=\"row\">Kostenlose Gast-Links<\/th><td class=\"ok\"><span aria-hidden=\"true\">&#10004;<\/span><span class=\"vis_hide\">unterst\u00fctzt<\/span><\/td><td class=\"ok\"><span aria-hidden=\"true\">&#10004;<\/span><span class=\"vis_hide\">unterst\u00fctzt<\/span><\/td><td class=\"ok\"><span aria-hidden=\"true\">&#10004;<\/span><span class=\"vis_hide\">unterst\u00fctzt<\/span><\/td><td class=\"ok\"><span aria-hidden=\"true\">&#10004;<\/span><span class=\"vis_hide\">unterst\u00fctzt<\/span><\/td><td class=\"ok\"><span aria-hidden=\"true\">&#10004;<\/span><span class=\"vis_hide\">unterst\u00fctzt<\/span><\/td><\/tr>\r\n    <tr><th scope=\"row\">Chat<\/th><td class=\"ok\"><span aria-hidden=\"true\">&#10004;<\/span><span class=\"vis_hide\">unterst\u00fctzt<\/span><\/td><td class=\"ok\"><span aria-hidden=\"true\">&#10004;<\/span><span class=\"vis_hide\">unterst\u00fctzt<\/span><\/td><td class=\"ok\"><span aria-hidden=\"true\">&#10004;<\/span><span class=\"vis_hide\">unterst\u00fctzt<\/span><\/td><td class=\"ok\"><span aria-hidden=\"true\">&#10004;<\/span><span class=\"vis_hide\">unterst\u00fctzt<\/span><\/td><td class=\"ok\"><span aria-hidden=\"true\">&#10004;<\/span><span class=\"vis_hide\">unterst\u00fctzt<\/span><\/td><\/tr>\r\n    <tr><th scope=\"row\">Browser-Unterst\u00fctzung<\/th><td>Chromium-basiert<\/td><td>Chromium-basiert,<br>Safari, Firefox<\/td><td>Chromium-basiert<\/td><td>Chromium-basiert<br>&#8212;<br>Safari, Firefox (G\u00e4ste)<\/td><td>Chromium-basiert<\/td><\/tr>\r\n    <tr><th scope=\"row\">Mobil-Unterst\u00fctzung *<\/th><td class=\"ok\"><span aria-hidden=\"true\">&#10004;<\/span><span class=\"vis_hide\">unterst\u00fctzt<\/span><\/td><td class=\"ok\"><span aria-hidden=\"true\">&#10004;<\/span><span class=\"vis_hide\">unterst\u00fctzt<\/span><\/td><td class=\"ok\"><span aria-hidden=\"true\">&#10004;<\/span><span class=\"vis_hide\">unterst\u00fctzt<\/span><\/td><td class=\"ok\"><span aria-hidden=\"true\">&#10004;<\/span><span class=\"vis_hide\">unterst\u00fctzt<\/span><\/td><td class=\"nok\"><span aria-hidden=\"true\">&#10008;<\/span><span class=\"vis_hide\">nicht unterst\u00fctzt<\/span><\/td><\/tr>\r\n    <tr><th scope=\"row\">Preis 1 \/ 6 \/ 12 Monat(e) **<\/span><\/th><td>22 \/ 121 \/ 220 EUR<\/td><td>22 \/ 121 \/ 220 EUR<\/td><td>40 \/ 220 \/ 400 EUR<\/td><td>22 \/ 121 \/ 220 EUR<\/td><td>40 \/ 220 \/ 400 EUR<\/td><\/tr>\r\n<\/table>\r\n<span style=\"font-size: 12px; font-weight: normal\"><br>* Grundlegende Mobil-Unterst\u00fctzung, derzeit in der Betaphase. Funktioniert mit Chrome unter Android und Safari unter iOS.<\/span>\r\n<span style=\"font-size: 12px; font-weight: normal\"><br>** exkl. MwSt\/VAT<\/span>\r\n<\/div>\r\n<script src=\"\/wp-content\/slp\/page_product.js\" data-prod=\"overview\"><\/script>","protected":false},"excerpt":{"rendered":"<p>Produkt-Vergleich Hilf mir bei der Auswahl des passenden Produkts Wof\u00fcr m\u00f6chtest Du SessionLinkPRO verwenden? bitte w\u00e4hlen&#8230; Ich m\u00f6chte entfernte G\u00e4ste aufnehmen Ich m\u00f6chte entfernte G\u00e4ste mith\u00f6ren oder Regie f\u00fchren lassen Ich ben\u00f6tige eine Remote-Review-L\u00f6sung Ich ben\u00f6tige<\/p>\n","protected":false},"author":1,"featured_media":0,"parent":0,"menu_order":0,"comment_status":"closed","ping_status":"closed","template":"page-fullwidth-slp.php","meta":{"footnotes":""},"class_list":["post-2547","page","type-page","status-publish","hentry"],"_links":{"self":[{"href":"https:\/\/de.sessionlinkpro.com\/index.php?rest_route=\/wp\/v2\/pages\/2547","targetHints":{"allow":["GET"]}}],"collection":[{"href":"https:\/\/de.sessionlinkpro.com\/index.php?rest_route=\/wp\/v2\/pages"}],"about":[{"href":"https:\/\/de.sessionlinkpro.com\/index.php?rest_route=\/wp\/v2\/types\/page"}],"author":[{"embeddable":true,"href":"https:\/\/de.sessionlinkpro.com\/index.php?rest_route=\/wp\/v2\/users\/1"}],"replies":[{"embeddable":true,"href":"https:\/\/de.sessionlinkpro.com\/index.php?rest_route=%2Fwp%2Fv2%2Fcomments&post=2547"}],"version-history":[{"count":0,"href":"https:\/\/de.sessionlinkpro.com\/index.php?rest_route=\/wp\/v2\/pages\/2547\/revisions"}],"wp:attachment":[{"href":"https:\/\/de.sessionlinkpro.com\/index.php?rest_route=%2Fwp%2Fv2%2Fmedia&parent=2547"}],"curies":[{"name":"wp","href":"https:\/\/api.w.org\/{rel}","templated":true}]}}