{"id":2526,"date":"2021-01-18T17:56:50","date_gmt":"2021-01-18T16:56:50","guid":{"rendered":"https:\/\/testde.sessionlinkpro.com\/?page_id=2526"},"modified":"2025-10-16T16:57:28","modified_gmt":"2025-10-16T14:57:28","slug":"sessionlinkpro-dubbing","status":"publish","type":"page","link":"https:\/\/de.sessionlinkpro.com\/?page_id=2526","title":{"rendered":"SessionLinkPRO | Dubbing"},"content":{"rendered":"<div class=\"enigma_heading_title\">\r\n<h2>Was ist SessionLinkPRO | Dubbing?<\/h2>\r\n<\/div>\r\n<p><strong>SessionLinkPRO | Dubbing ist eine professionelle, Browser-basierte Remote-Recording L\u00f6sung, die speziell f\u00fcr Remote-Dubbing und -ADR entwickelt wurde. Es erm\u00f6glicht Audio\u00fcbertragungen \u00fcber eine Breitband-Internetverbindung mit Chromium-basierten Browsern wie Chromium, Google Chrome, Opera oder Microsoft Edge (neue Generation).<br><br>SessionLinkPRO | Dubbing bietet Sprachaufnahmen in Studioqualit\u00e4t direkt zum Video mit niedriger Latenz. \u00dcber zwei zus\u00e4tzliche Kan\u00e4le k\u00f6nnen z.B. Regisseure zugeschaltet werden &#8211; mit Signaltrennung zum dedizierten Aufnahmekanal. Ein optionaler MIDI-Kanal erm\u00f6glicht die Synchronisation der entfernten DAW oder eine ferngesteuerte Aufnahme des unkomprimierten Sprachsignals.<\/strong><\/p>\r\n<p>&nbsp;<\/p>\r\n<div style=\"max-width: 630px; position: relative; margin-left: auto; margin-right: auto\">\r\n<p><strong>\u00dcberzeuge Dich selbst! Hol&#8216; Dir jetzt Deinen kostenlosen 7-Tage-Trial-Account oder f\u00fcge den Trial-Account einem bestehenden Nutzerkonto hinzu!<\/strong><\/p>\r\n<div class=\"enigma_service_area appear-animation bounceIn appear-animation-visible\">\r\n<div class=\"enigma_service_iocn pull-left\">\r\n<a tabindex=\"-1\" aria-hidden=\"true\" href=\".\/?page_id=1775&#038;product=dubbing\"><i class=\"fa fa-external-link\"><\/i><\/a>\r\n<\/div>\r\n<div class=\"enigma_service_detail media-body\">\r\n<h3><a <a aria-label=\"hier klicken, um einen Trial-Account anzufordern\" href=\".\/?page_id=1775&#038;product=dubbing\">Trial-Account anfordern<\/a><\/h3>\r\n<p><a  aria-hidden=\"true\" tabindex=\"-1\" style=\"color: #444;\" href=\".\/?page_id=1775&#038;product=dubbing\">hier klicken, um einen Trial-Account anzufordern<\/a><\/p>\r\n<\/div>\r\n<\/div>\r\n<\/div>\r\n\r\n<div style=\"background-color: #efefef; padding: 15px; min-height: 413px\">\r\n<a tabindex=\"-1\" aria-hidden=\"true\" href=\".\/wp-content\/uploads\/2021\/01\/host_gui_home.png\"><img decoding=\"async\" class=\"slp_img_L\" src=\".\/wp-content\/uploads\/2021\/01\/host_gui_home.png\" alt=\"SessionLinkPRO | Dubbing (Host)\" width=\"650px\" style=\"display:block;height:auto;\" \/><p id=\"caption-attachment-2558\" class=\"wp-caption-text\" style=\"display: none\">SessionLinkPRO | Dubbing<\/p><\/a>\r\n<div class=\"enigma_heading_title2\">\r\n<h2><strong>Wie funktioniert das?<\/strong><\/h2>\r\n<\/div>\r\n<p>Innovative webRTC-Technologie und der hochwertige OPUS-Codec oder unkomprimiertes PCM L16 garantieren niedrige Latenz und volle Audio-Bandbreite. Automatic NAT traversal sorgt f\u00fcr stabile Verbindungen in fast jedem Netzwerk.<\/p>\r\n<p>Die Nutzeroberfl\u00e4che wirkt aufger\u00e4umt und intuitiv. Alle Einstellungen werden von Gastgeber vorgenommen. Die G\u00e4ste erhalten eine Einladung per E-Mail &#8211; den Gastlink oder &#8222;Session Link&#8220;, den sie im Browser \u00f6ffnen. Schon kann&#8217;s losgehen!<\/p>\r\n<\/div>\r\n\r\n<div style=\"clear: left; height: 50px;\"><\/div>\r\n\r\n<div style=\"padding: 15px; min-height: 412px\">\r\n<a tabindex=\"-1\" aria-hidden=\"true\" href=\".\/wp-content\/uploads\/2021\/01\/guest_gui_home.png\"><img decoding=\"async\" class=\"slp_img_R\" src=\".\/wp-content\/uploads\/2021\/01\/guest_gui_home.png\" alt=\"SessionLinkPRO | Dubbing (Actor)\" width=\"490px\" style=\"display:block;height:auto;\" \/><p id=\"caption-attachment-2559\" class=\"wp-caption-text\" style=\"display: none\">SessionLinkPRO | Dubbing<\/p><\/a>\r\n<div class=\"enigma_heading_title2\">\r\n<h2><strong>Was gibt es sonst noch?<\/strong><\/h2>\r\n<\/div>\r\n<p>SessionLinkPRO | Dubbing bietet erh\u00f6hte Sicherheit durch Session-PIN und Video-Overlay mit Wasserzeichen.<\/p>\r\n<p>Die lokale Aufnahmefunktion erm\u00f6glicht Sprachaufnahmen in PCM, 48 kHz, 24 Bit mit eingebetteter Timecode-Information &#8211; ferngesteuert oder manuell. Signaltrennung und Push-to-Talk-Funktion garantieren eine saubere Audio\u00fcbertragung. Individuelle Mixe f\u00fcr die verschiedenen Kan\u00e4le k\u00f6nnen im L\/R Split-Modus \u00fcbertragen werden.<\/p><p>Ein Audiodelay erm\u00f6glicht die Kompensation des Audio\/Video-Versatzes w\u00e4hrend das Video im normalen Modus, Fullscreen oder im abgekoppelten Videofenster dargestellt wird.<\/p>\r\n<\/div>\r\n\r\n<div style=\"clear: right; height: 50px\"><\/div>\r\n\r\n<div id=\"feature_list\" style=\"background-color: #efefef; padding-top: 35px;\">\r\n<div class=\"enigma_heading_title2\" style=\"text-align: center\">\r\n<h2><strong>Features<\/strong><\/h2>\r\n<\/div>\r\n\r\n<div class=\"row isotope\" id=\"isotope-service-container\">\r\n\r\n<div class=\" col-md-4 service\">\r\n<div class=\"enigma_service_area appear-animation bounceIn appear-animation-visible\">\r\n<div class=\"enigma_service_iocn pull-left\">\r\n<i class=\"fa fa-laptop\"><\/i>\r\n<\/div>\r\n<div class=\"enigma_service_detail media-body\">\r\n<h3 class=\"smaller\"><strong>Kompatibilit\u00e4t<\/strong><\/h3>\r\nChromium-basierte Browser (z.B. Google Chrome, Chromium, Opera, MS Edge) unter OSX, Windows, Linux und Chrome OS\r\n<\/div>\r\n<\/div>\r\n<\/div>\r\n\r\n<div class=\" col-md-4 service\">\r\n<div class=\"enigma_service_area appear-animation bounceIn appear-animation-visible\">\r\n<div class=\"enigma_service_iocn pull-left\">\r\n<i class=\"fa fa-microphone\"><\/i>\r\n<\/div>\r\n<div class=\"enigma_service_detail media-body\">\r\n<h3 class=\"smaller\"><strong>HQ Audio<\/strong><\/h3>\r\nOPUS-Codec bis zu 256 kbit\/s Mono oder PCM L16 Mono mit niedriger Latenz\r\n<\/div>\r\n<\/div>\r\n<\/div>\r\n\r\n<div class=\" col-md-4 service\">\r\n<div class=\"enigma_service_area appear-animation bounceIn appear-animation-visible\">\r\n<div class=\"enigma_service_iocn pull-left\">\r\n<i class=\"fa fa-sitemap\"><\/i>\r\n<\/div>\r\n<div class=\"enigma_service_detail media-body\">\r\n<h3 class=\"smaller\"><strong>3 Kan\u00e4le<\/strong><\/h3>\r\n1 dedizierter Aufnahmekanal und 2 Gastkan\u00e4le mit vollst\u00e4ndiger Signaltrennung\r\n<\/div>\r\n<\/div>\r\n<\/div>\r\n\r\n<\/div>\r\n\r\n<div class=\"row isotope\" id=\"isotope-service-container\">\r\n\r\n<div class=\" col-md-4 service\">\r\n<div class=\"enigma_service_area appear-animation bounceIn appear-animation-visible\">\r\n<div class=\"enigma_service_iocn pull-left\">\r\n<i class=\"fa fa-share-alt\"><\/i>\r\n<\/div>\r\n<div class=\"enigma_service_detail media-body\">\r\n<h3 class=\"smaller\"><strong>L\/R Split Modus<\/strong><\/h3>\r\nindividuelle Mixe f\u00fcr die unterschiedlichen Kan\u00e4le\r\n<\/div>\r\n<\/div>\r\n<\/div>\r\n\r\n<div class=\" col-md-4 service\">\r\n<div class=\"enigma_service_area appear-animation bounceIn appear-animation-visible\">\r\n<div class=\"enigma_service_iocn pull-left\">\r\n<i class=\"fa fa-bullhorn\"><\/i>\r\n<\/div>\r\n<div class=\"enigma_service_detail media-body\">\r\n<h3 class=\"smaller\"><strong>Push-to-Talk \/ AEC<\/strong><\/h3>\r\neinfach und wirkungsvoll: Push-to-Talk und Echounterdr\u00fcckung verhindern R\u00fcckkopplungen und Echos\r\n<\/div>\r\n<\/div>\r\n<\/div>\r\n\r\n<div class=\" col-md-4 service\">\r\n<div class=\"enigma_service_area appear-animation bounceIn appear-animation-visible\">\r\n<div class=\"enigma_service_iocn pull-left\">\r\n<i class=\"fa fa-video-camera\"><\/i>\r\n<\/div>\r\n<div class=\"enigma_service_detail media-body\">\r\n<h3 class=\"smaller\"><strong>Video<\/strong><\/h3>\r\n\u00dcbertragung des Produktionsvideos\r\n<\/div>\r\n<\/div>\r\n<\/div>\r\n\r\n<\/div>\r\n\r\n<div class=\"row isotope\" id=\"isotope-service-container\">\r\n\r\n<div class=\" col-md-4 service\">\r\n<div class=\"enigma_service_area appear-animation bounceIn appear-animation-visible\">\r\n<div class=\"enigma_service_iocn pull-left\">\r\n<i class=\"fa fa-tty\"><\/i>\r\n<\/div>\r\n<div class=\"enigma_service_detail media-body\">\r\n<h3 class=\"smaller\"><strong>MIDI<\/strong><\/h3>\r\n\u00dcbertragung von MIDI-Timecode oder MIDI-Controller-Daten zur Fernsteuerung\r\n<\/div>\r\n<\/div>\r\n<\/div>\r\n\r\n<div class=\" col-md-4 service\">\r\n<div class=\"enigma_service_area appear-animation bounceIn appear-animation-visible\">\r\n<div class=\"enigma_service_iocn pull-left\">\r\n<i class=\"fa fa-file-audio-o\"><\/i>\r\n<\/div>\r\n<div class=\"enigma_service_detail media-body\">\r\n<h3 class=\"smaller\"><strong>Aufnahme<\/strong><\/h3>\r\nAufnahmen in PCM, 48kHz, 24 Bit mit eingebetteter Timecode-Information &#8211; ferngesteuert oder manuell\r\n<\/div>\r\n<\/div>\r\n<\/div>\r\n\r\n<div class=\" col-md-4 service\">\r\n<div class=\"enigma_service_area appear-animation bounceIn appear-animation-visible\">\r\n<div class=\"enigma_service_iocn pull-left\">\r\n<i class=\"fa fa-comments\"><\/i>\r\n<\/div>\r\n<div class=\"enigma_service_detail media-body\">\r\n<h3 class=\"smaller\"><strong>Chat<\/strong><\/h3>\r\neingebaute Chat-Funktion\r\n<\/div>\r\n<\/div>\r\n<\/div>\r\n\r\n<\/div>\r\n\r\n<div class=\"row isotope\" id=\"isotope-service-container\">\r\n\r\n<div class=\" col-md-4 service\">\r\n<div class=\"enigma_service_area appear-animation bounceIn appear-animation-visible\">\r\n<div class=\"enigma_service_iocn pull-left\">\r\n<i class=\"fa fa-arrows-h\"><\/i>\r\n<\/div>\r\n<div class=\"enigma_service_detail media-body\">\r\n<h3 class=\"smaller\"><strong>Auto NAT Traversal<\/strong><\/h3>\r\nfunktioniert in fast allen Netzwerkumgebungen\r\n<\/div>\r\n<\/div>\r\n<\/div>\r\n\r\n<div class=\" col-md-4 service\">\r\n<div class=\"enigma_service_area appear-animation bounceIn appear-animation-visible\">\r\n<div class=\"enigma_service_iocn pull-left\">\r\n<i class=\"fa fa-users\"><\/i>\r\n<\/div>\r\n<div class=\"enigma_service_detail media-body\">\r\n<h3 class=\"smaller\"><strong>Kostenlose Gast-Links<\/strong><\/h3>\r\nG\u00e4ste einladen per Email, direkt aus dem Programm &#8211; inklusive Adressbuch\r\n<\/div>\r\n<\/div>\r\n<\/div>\r\n\r\n<div class=\" col-md-4 service\">\r\n<div class=\"enigma_service_area appear-animation bounceIn appear-animation-visible\">\r\n<div class=\"enigma_service_iocn pull-left\">\r\n<i class=\"fa fa-cogs\"><\/i>\r\n<\/div>\r\n<div class=\"enigma_service_detail media-body\">\r\n<h3 class=\"smaller\"><strong>Volle Kontrolle<\/strong><\/h3>\r\nBitrate und Kan\u00e4le f\u00fcr G\u00e4ste k\u00f6nnen voreingestellt und \u00fcberwacht werden\r\n<\/div>\r\n<\/div>\r\n<\/div>\r\n\r\n<\/div>\r\n\r\n<div class=\"row isotope\" id=\"isotope-service-container\">\r\n\r\n<div class=\" col-md-4 service\">\r\n<div class=\"enigma_service_area appear-animation bounceIn appear-animation-visible\">\r\n<div class=\"enigma_service_iocn pull-left\">\r\n<i class=\"fa fa-lock\"><\/i>\r\n<\/div>\r\n<div class=\"enigma_service_detail media-body\">\r\n<h3 class=\"smaller\"><strong>Sichere Kommunikation<\/strong><\/h3>\r\nverschl\u00fcsselte Kommunikation durch HTTPS und DTLS\r\n<\/div>\r\n<\/div>\r\n<\/div>\r\n\r\n<div class=\" col-md-4 service\">\r\n<div class=\"enigma_service_area appear-animation bounceIn appear-animation-visible\">\r\n<div class=\"enigma_service_iocn pull-left\">\r\n<i class=\"fa fa-shield\"><\/i>\r\n<\/div>\r\n<div class=\"enigma_service_detail media-body\">\r\n<h3 class=\"smaller\"><strong>Erh\u00f6hte Sicherheit<\/strong><\/h3>\r\nPIN-Code gesicherte Sessions, Video-Overlay mit Wasserzeichen\r\n<\/div>\r\n<\/div>\r\n<\/div>\r\n\r\n<div class=\" col-md-4 service\">\r\n<div class=\"enigma_service_area appear-animation bounceIn appear-animation-visible\">\r\n<div class=\"enigma_service_iocn pull-left\">\r\n<i class=\"fa fa-life-ring\"><\/i>\r\n<\/div>\r\n<div class=\"enigma_service_detail media-body\">\r\n<h3 class=\"smaller\"><strong>Hohe Verf\u00fcgbarkeit<\/strong><\/h3>\r\nvollst\u00e4ndig unabh\u00e4ngiger <a tabindex=\"-1\" href=\"https:\/\/backup.sessionlinkpro.com\/dubbing.php\" target=\"_blank\" rel=\"noopener noreferrer\">Backup-Server<\/a>\r\n<\/div>\r\n<\/div>\r\n<\/div>\r\n\r\n<\/div>\r\n\r\n<div class=\"row isotope\" id=\"isotope-service-container\">\r\n\r\n<div class=\" col-md-4 service\">\r\n<div class=\"enigma_service_area appear-animation bounceIn appear-animation-visible\">\r\n<div class=\"enigma_service_iocn pull-left\">\r\n<i class=\"fa fa-globe\"><\/i>\r\n<\/div>\r\n<div class=\"enigma_service_detail media-body\">\r\n<h3 class=\"smaller\"><strong>Gratis Netzwerk-Eintrag<\/strong><\/h3>\r\nkostenloser Eintrag ins Netzwerkverzeichnis bei der Buchung\r\n<\/div>\r\n<\/div>\r\n<\/div>\r\n\r\n<div class=\" col-md-4 service\">\r\n<div class=\"enigma_service_area appear-animation bounceIn appear-animation-visible\">\r\n<div class=\"enigma_service_iocn pull-left\">\r\n<i class=\"fa fa-money\"><\/i>\r\n<\/div>\r\n<div class=\"enigma_service_detail media-body\">\r\n<h3 class=\"smaller\"><strong>Einfaches Preis-Modell<\/strong><\/h3>\r\nBuchungsperioden von 1, 6 oder 12 Monaten sind m\u00f6glich\r\n<\/div>\r\n<\/div>\r\n<\/div>\r\n\r\n<div class=\" col-md-4 service\">\r\n<div class=\"enigma_service_area appear-animation bounceIn appear-animation-visible\">\r\n<div class=\"enigma_service_iocn pull-left\">\r\n<i class=\"fa fa-shopping-cart\"><\/i>\r\n<\/div>\r\n<div class=\"enigma_service_detail media-body\">\r\n<h3 class=\"smaller\"><strong>Direkte Online-Zahlung<\/strong><\/h3>\r\nautomatisches Buchungssystem: erstelle oder verl\u00e4ngere Accounts in wenigen Minuten\r\n<\/div>\r\n<\/div>\r\n<\/div>\r\n\r\n<\/div>\r\n<p style=\"text-align: center; padding-bottom: 24px\">Nicht das Richtige gefunden?&nbsp;&nbsp;<a href=\".\/?page_id=2547\">Vergleiche hier unsere unterschiedlichen Produkte!<\/a><\/p>\r\n<\/div>\r\n\r\n<div style=\"height: 50px;\"><\/div>\r\n<div class=\"enigma_heading_title2\" style=\"text-align: center\">\r\n<h2><strong>Preise<\/strong><\/h2>\r\n<\/div>\r\n<div style=\"text-align: center; margin-bottom: 20px\"><span style=\"font-size: 16px; font-weight: bold\">Mein Land&nbsp;&nbsp;&nbsp;&nbsp;<\/span><select id=\"country\" style=\"width: 255px; height: 28px\"><\/select><\/div>\r\n<div id=\"pricing\" style=\"height: 200px\">\r\n<table id=\"price_grid_ph\" style=\"position: relative; width: 347px; margin-left: auto; margin-right: auto; margin-bottom: 20px\">\r\n<tr><td style=\"width: 220px; border: 4px solid #ffffff; background-color: #efefef;\">1 Monat<\/tdh><td style=\"border: 4px solid #ffffff; background-color: #efefef;\"><\/td><\/tr>\r\n<tr><td style=\"border: 4px solid #ffffff; background-color: #efefef;\">6 Monate<\/td><td style=\"border: 4px solid #ffffff; background-color: #efefef;\"><\/td><\/tr>\r\n<tr><td style=\"border: 4px solid #ffffff; background-color: #efefef;\">12 Monate<\/td><td style=\"border: 4px solid #ffffff; background-color: #efefef;\"><\/td><\/tr>\r\n<tr><td colspan=\"2\" style=\"border: 4px solid #ffffff; color: #EB0000; font-size: 12px\">Bitte w\u00e4hle Dein Land aus!<\/td><\/tr>\r\n<\/table>\r\n<table id=\"price_grid_EU\" style=\"position: relative; width: 347px; margin-left: auto; margin-right: auto; display: none\">\r\n<tr><td style=\"width: 220px; border: 4px solid #ffffff; background-color: #efefef;\">1 Monat<\/td><td id=\"price_grid_EU_1\" style=\"border: 4px solid #ffffff; background-color: #efefef;\"><\/td><\/tr>\r\n<tr><td style=\"border: 4px solid #ffffff; background-color: #efefef;\">6 Monate<\/td><td id=\"price_grid_EU_6\" style=\"border: 4px solid #ffffff; background-color: #efefef;\"><\/td><\/tr>\r\n<tr><td style=\"border: 4px solid #ffffff; background-color: #efefef;\">12 Monate<\/td><td id=\"price_grid_EU_12\" style=\"border: 4px solid #ffffff; background-color: #efefef;\"><\/td><\/tr>\r\n<tr style=\"font-weight: normal;\"><td colspan=\"2\" style=\"border: 4px solid #ffffff; font-size: 12px\">* exkl. MwSt\/VAT, Steuerschuldnerschaft des Leistungsempf\u00e4ngers. Bei Buchungen ohne USt-ID Nr. (VAT registration number) berechnen wir Umsatzsteuer gem\u00e4\u00df des f\u00fcr Dein Land geltenden Umsatzsteuersatzes.<\/td><\/tr>\r\n<\/table>\r\n<table id=\"price_grid_DE\" style=\"position: relative; width: 347px; margin-left: auto; margin-right: auto; display: none\">\r\n<tr><td style=\"width: 220px; border: 4px solid #ffffff; background-color: #efefef;\">1 Monat<\/td><td id=\"price_grid_DE_1\" style=\"border: 4px solid #ffffff; background-color: #efefef;\"><\/td><\/tr>\r\n<tr><td style=\"border: 4px solid #ffffff; background-color: #efefef;\">6 Monate<\/td><td id=\"price_grid_DE_6\" style=\"border: 4px solid #ffffff; background-color: #efefef;\"><\/td><\/tr>\r\n<tr><td style=\"border: 4px solid #ffffff; background-color: #efefef;\">12 Monate<\/td><td id=\"price_grid_DE_12\" style=\"border: 4px solid #ffffff; background-color: #efefef;\"><\/td><\/tr>\r\n<tr style=\"font-weight: normal;\"><td id=\"price_grid_DE_info\"colspan=\"2\" style=\"border: 4px solid #ffffff; font-size: 12px\">* Preise enthalten 19% MwSt (VAT)<\/td><\/tr>\r\n<\/table>\r\n<table id=\"price_grid\" style=\"position: relative; width: 347px; margin-left: auto; margin-right: auto; display: none\">\r\n<tr><td style=\"width: 220px; border: 4px solid #ffffff; background-color: #efefef;\">1 Monat<\/td><td id=\"price_grid_1\" style=\"border: 4px solid #ffffff; background-color: #efefef;\"><\/td><\/tr>\r\n<tr><td style=\"border: 4px solid #ffffff; background-color: #efefef;\">6 Monate<\/td><td id=\"price_grid_6\" style=\"border: 4px solid #ffffff; background-color: #efefef;\"><\/td><\/tr>\r\n<tr><td style=\"border: 4px solid #ffffff; background-color: #efefef;\">12 Monate<\/td><td id=\"price_grid_12\" style=\"border: 4px solid #ffffff; background-color: #efefef;\"><\/td><\/tr>\r\n<tr style=\"font-weight: normal;\"><td colspan=\"2\" style=\"border: 4px solid #ffffff; font-size: 12px\">* exkl. MwSt\/VAT<\/td><\/tr>\r\n<\/table>\r\n<\/div>\r\n<p>&nbsp;<\/p>\r\n<div style=\"max-width: 297px; position: relative; margin-left: auto; margin-right: auto; padding-left: 10px\">\r\n<div class=\"enigma_service_area appear-animation bounceIn appear-animation-visible\">\r\n<div class=\"enigma_service_iocn pull-left\">\r\n<a tabindex=\"-1\" aria-hidden=\"true\" href=\".\/?page_id=28\"><i class=\"fa fa-external-link\"><\/i><\/a>\r\n<\/div>\r\n<div class=\"enigma_service_detail media-body\">\r\n<h3><a aria-label=\"gehe zur Buchungsseite\" href=\".\/?page_id=28\">Buchung<\/a><\/h3>\r\n<p><a tabindex=\"-1\" aria-hidden=\"true\" style=\"color: #444;\" href=\".\/?page_id=28\">zur Buchungs-Seite<\/a><\/p>\r\n<\/div>\r\n<\/div>\r\n<\/div>\r\n<div style=\"position: relative; max-width: 600px; margin-left: auto; margin-right: auto; font-size: 12px\">\r\nAlle Preise sind Endpreise. Die Buchung endet automatisch nach Ablauf der gew\u00e4hlten Buchungsperiode und verl\u00e4ngert sich NICHT automatisch. Das Nutzerkonto bleibt nach Ablauf der Buchungsperiode erhalten. So kann jederzeit eine weitere Periode gebucht werden.\r\n<\/div>\r\n<script src=\"\/wp-content\/slp\/page_product.js\" data-prod=\"dubbing\"><\/script>","protected":false},"excerpt":{"rendered":"<p>Was ist SessionLinkPRO | Dubbing? SessionLinkPRO | Dubbing ist eine professionelle, Browser-basierte Remote-Recording L\u00f6sung, die speziell f\u00fcr Remote-Dubbing und -ADR entwickelt wurde. Es erm\u00f6glicht Audio\u00fcbertragungen \u00fcber eine Breitband-Internetverbindung mit Chromium-basierten Browsern wie Chromium, Google Chrome, Opera<\/p>\n","protected":false},"author":1,"featured_media":0,"parent":0,"menu_order":0,"comment_status":"closed","ping_status":"closed","template":"page-fullwidth-slp.php","meta":{"footnotes":""},"class_list":["post-2526","page","type-page","status-publish","hentry"],"_links":{"self":[{"href":"https:\/\/de.sessionlinkpro.com\/index.php?rest_route=\/wp\/v2\/pages\/2526","targetHints":{"allow":["GET"]}}],"collection":[{"href":"https:\/\/de.sessionlinkpro.com\/index.php?rest_route=\/wp\/v2\/pages"}],"about":[{"href":"https:\/\/de.sessionlinkpro.com\/index.php?rest_route=\/wp\/v2\/types\/page"}],"author":[{"embeddable":true,"href":"https:\/\/de.sessionlinkpro.com\/index.php?rest_route=\/wp\/v2\/users\/1"}],"replies":[{"embeddable":true,"href":"https:\/\/de.sessionlinkpro.com\/index.php?rest_route=%2Fwp%2Fv2%2Fcomments&post=2526"}],"version-history":[{"count":0,"href":"https:\/\/de.sessionlinkpro.com\/index.php?rest_route=\/wp\/v2\/pages\/2526\/revisions"}],"wp:attachment":[{"href":"https:\/\/de.sessionlinkpro.com\/index.php?rest_route=%2Fwp%2Fv2%2Fmedia&parent=2526"}],"curies":[{"name":"wp","href":"https:\/\/api.w.org\/{rel}","templated":true}]}}