{"id":24,"date":"2015-02-21T18:12:52","date_gmt":"2015-02-21T17:12:52","guid":{"rendered":"http:\/\/backup.sessionlinkpro.com\/?page_id=24"},"modified":"2025-10-16T16:56:46","modified_gmt":"2025-10-16T14:56:46","slug":"sessionlinkpro-conferencing","status":"publish","type":"page","link":"https:\/\/de.sessionlinkpro.com\/?page_id=24","title":{"rendered":"SessionLinkPRO | Conferencing"},"content":{"rendered":"<div class=\"enigma_heading_title\">\r\n<h2>Was ist SessionLinkPRO | Conferencing?<\/h2>\r\n<\/div>\r\n<p><strong>SessionLinkPRO | Conferencing ist ein Browser-basiertes High Quality Audio\/Video-Konferenzsystem, das \u00fcber herk\u00f6mmliche Breitband-Internetverbindungen arbeitet. Es gibt bis zu f\u00fcnf G\u00e4sten die M\u00f6glichkeit, an Produktionen teilzunehmen und Regie zu f\u00fchren, ohne dass sie selbst im Studio anwesend sein m\u00fcssen. Mit Chromium-basierten Browsern wie Chromium, Google Chrome, Opera oder Microsoft Edge (neue Generation) sowie Safari oder Firefox ist es meist nicht n\u00f6tig, zus\u00e4tzliche Soft- oder Hardware zu installieren. Die TeilnehmerInnen brauchen nur einen Computer mit Headset oder Mikrofon\/Lautsprecher.<\/strong><\/p>\r\n<p>&nbsp;<\/p>\r\n<div style=\"max-width: 630px; position: relative; margin-left: auto; margin-right: auto\">\r\n<p><strong>\u00dcberzeuge Dich selbst! Hol&#8216; Dir jetzt Deinen kostenlosen 7-Tage-Trial-Account oder f\u00fcge den Trial-Account einem bestehenden Nutzerkonto hinzu!<\/strong><\/p>\r\n<div class=\"enigma_service_area appear-animation bounceIn appear-animation-visible\">\r\n<div class=\"enigma_service_iocn pull-left\">\r\n<a tabindex=\"-1\" aria-hidden=\"true\" href=\".\/?page_id=1775&#038;product=conferencing\"><i class=\"fa fa-external-link\"><\/i><\/a>\r\n<\/div>\r\n<div class=\"enigma_service_detail media-body\">\r\n<h3><a aria-label=\"hier klicken, um einen Trial-Account anzufordern\" href=\".\/?page_id=1775&#038;product=conferencing\">Trial-Account anfordern<\/a><\/h3>\r\n<p><a aria-hidden=\"true\" tabindex=\"-1\" style=\"color: #444;\" href=\".\/?page_id=1775&#038;product=conferencing\">hier klicken, um einen Trial-Account anzufordern<\/a><\/p>\r\n<\/div>\r\n<\/div>\r\n<\/div>\r\n\r\n<div style=\"background-color: #efefef; padding: 15px; min-height: 406px\">\r\n<a tabindex=\"-1\" aria-hidden=\"true\" href=\".\/wp-content\/uploads\/2017\/01\/conf_active_300117.png\"><img decoding=\"async\" class=\"slp_img_L\" src=\".\/wp-content\/uploads\/2017\/01\/conf_active_300117.png\" alt=\"SessionLinkPRO | Conferencing\" height=\"376px\" style=\"display:block;width:auto;\" \/><p id=\"caption-attachment-1666\" class=\"wp-caption-text\" style=\"display: none\">SessionLinkPRO | Conferencing<\/p><\/a>\r\n<div class=\"enigma_heading_title2\">\r\n<h2><strong>Wie funktioniert das?<\/strong><\/h2>\r\n<\/div>\r\n<p>Innovative webRTC-Technologie und der hochwertige OPUS-Codec garantieren niedrige Latenz und volle Audio-Bandbreite. Automatic NAT traversal sorgt f\u00fcr stabile Verbindungen in fast jedem Netzwerk.<\/p>\r\n<p>Mit dem SIP-Client k\u00f6nnen Anrufe auf SIP-Endger\u00e4te oder herk\u00f6mmliche Telefone eingebunden werden.<span style=\"font-size: 11px; vertical-align: super\">*<\/span><\/p>\r\n<p>Push-to-Talk und Advanced audio processing verhindern R\u00fcckkopplungen und Echos. Bei Bedarf kann Advanced audio processing deaktiviert werden, um maximale Signalqualit\u00e4t zu gew\u00e4hrleisten.<\/p>\r\n<\/div>\r\n\r\n<div style=\"clear: left; height: 50px;\"><\/div>\r\n\r\n<div style=\"padding: 15px; min-height: 406px\">\r\n<a tabindex=\"-1\" aria-hidden=\"true\" href=\".\/wp-content\/uploads\/2017\/01\/conf_setup_300117.png\"><img decoding=\"async\" class=\"slp_img_R\" src=\".\/wp-content\/uploads\/2017\/01\/conf_setup_300117.png\" alt=\"SessionLinkPRO | Conferencing\" height=\"376px\" style=\"display:block;width:auto;\" \/><p id=\"caption-attachment-1667\" class=\"wp-caption-text\" style=\"display: none\">SessionLinkPRO | Conferencing<\/p><\/a>\r\n<div class=\"enigma_heading_title2\">\r\n<h2><strong>Keeping it simple&#8230;<\/strong><\/h2>\r\n<\/div>\r\n<p>Bei der Entwicklung von SessionLinkPRO | Conferencing wurde viel Wert auf Benutzerfreundlichkeit gelegt. Die Nutzeroberfl\u00e4che wirkt aufger\u00e4umt und intuitiv.<\/p>\r\n<p>Im ersten Schritt wird das Audio-Interface und ein optionales Video-Interface\/Webcam ausgew\u00e4hlt. Der Gastgeber erstellt eine Konferenz. Weitere TeilnehmerInnen k\u00f6nnen \u00fcber einen &#8222;Session Link&#8220; beitreten, welcher direkt durch die eingebaute Emailfunktion oder \u00fcber das favorisierte Emailprogramm verschickt werden kann.<\/p>\r\n<\/div>\r\n\r\n<div style=\"clear: right; height: 50px\"><\/div>\r\n\r\n<div id=\"feature_list\" style=\"background-color: #efefef; padding-top: 35px;\">\r\n<div class=\"enigma_heading_title2\" style=\"text-align: center\">\r\n<h2><strong>Features<\/strong><\/h2>\r\n<\/div>\r\n\r\n<div class=\"row isotope\" id=\"isotope-service-container\">\r\n\r\n<div class=\" col-md-4 service\">\r\n<div class=\"enigma_service_area appear-animation bounceIn appear-animation-visible\">\r\n<div class=\"enigma_service_iocn pull-left\">\r\n<i class=\"fa fa-laptop\"><\/i>\r\n<\/div>\r\n<div class=\"enigma_service_detail media-body\">\r\n<h3 class=\"smaller\"><strong>Kompatibilit\u00e4t<\/strong><\/h3>\r\nChromium-basierte Browser (z.B. Google Chrome, Chromium, Opera, MS Edge), Safari oder Firefox unter OSX, Windows, Linux und Chrome OS\r\n<\/div>\r\n<\/div>\r\n<\/div>\r\n\r\n<div class=\" col-md-4 service\">\r\n<div class=\"enigma_service_area appear-animation bounceIn appear-animation-visible\">\r\n<div class=\"enigma_service_iocn pull-left\">\r\n<i class=\"fa fa-microphone\"><\/i>\r\n<\/div>\r\n<div class=\"enigma_service_detail media-body\">\r\n<h3 class=\"smaller\"><strong>HQ Audio<\/strong><\/h3>\r\n128 kbit\/s Mono oder 192 kbit\/s Stereo (Host zu Gast) bzw. bis zu 192 kbit\/s mono (Gast zu Host) mit niedriger Latenz\r\n<\/div>\r\n<\/div>\r\n<\/div>\r\n\r\n<div class=\" col-md-4 service\">\r\n<div class=\"enigma_service_area appear-animation bounceIn appear-animation-visible\">\r\n<div class=\"enigma_service_iocn pull-left\">\r\n<i class=\"fa fa-video-camera\"><\/i>\r\n<\/div>\r\n<div class=\"enigma_service_detail media-body\">\r\n<h3 class=\"smaller\"><strong>Video (optional)<\/strong><\/h3>\r\n\u00dcbertragung des Produktionsvideos oder einer Webcam &#8211; in beide Richtungen\r\n<\/div>\r\n<\/div>\r\n<\/div>\r\n\r\n<\/div>\r\n\r\n<div class=\"row isotope\" id=\"isotope-service-container\">\r\n\r\n<div class=\" col-md-4 service\">\r\n<div class=\"enigma_service_area appear-animation bounceIn appear-animation-visible\">\r\n<div class=\"enigma_service_iocn pull-left\">\r\n<i class=\"fa fa-phone\"><\/i>\r\n<\/div>\r\n<div class=\"enigma_service_detail media-body\">\r\n<h3 class=\"smaller\"><strong>SIP Client<\/strong><\/h3>\r\nAnrufe auf SIP-Endger\u00e4te oder auf herk\u00f6mmliche Telefone direkt aus dem User-Interface*\r\n<\/div>\r\n<\/div>\r\n<\/div>\r\n\r\n<div class=\" col-md-4 service\">\r\n<div class=\"enigma_service_area appear-animation bounceIn appear-animation-visible\">\r\n<div class=\"enigma_service_iocn pull-left\">\r\n<i class=\"fa fa-bullhorn\"><\/i>\r\n<\/div>\r\n<div class=\"enigma_service_detail media-body\">\r\n<h3 class=\"smaller\"><strong>Push-to-Talk \/ AAP<\/strong><\/h3>\r\neinfach und wirkungsvoll: Push-to-Talk und Advanced audio processing verhindert R\u00fcckkopplungen und Echos\r\n<\/div>\r\n<\/div>\r\n<\/div>\r\n\r\n<div class=\" col-md-4 service\">\r\n<div class=\"enigma_service_area appear-animation bounceIn appear-animation-visible\">\r\n<div class=\"enigma_service_iocn pull-left\">\r\n<i class=\"fa fa-arrows-h\"><\/i>\r\n<\/div>\r\n<div class=\"enigma_service_detail media-body\">\r\n<h3 class=\"smaller\"><strong>Auto NAT Traversal<\/strong><\/h3>\r\nfunktioniert in fast allen Netzwerkumgebungen\r\n<\/div>\r\n<\/div>\r\n<\/div>\r\n\r\n<\/div>\r\n\r\n<div class=\"row isotope\" id=\"isotope-service-container\">\r\n\r\n<div class=\" col-md-4 service\">\r\n<div class=\"enigma_service_area appear-animation bounceIn appear-animation-visible\">\r\n<div class=\"enigma_service_iocn pull-left\">\r\n<i class=\"fa fa-users\"><\/i>\r\n<\/div>\r\n<div class=\"enigma_service_detail media-body\">\r\n<h3 class=\"smaller\"><strong>Kostenlose Gast-Links<\/strong><\/h3>\r\nBis zu 5 G\u00e4ste einladen per Email, direkt aus dem Programm \u2013 inklusive Adressbuch\r\n<\/div>\r\n<\/div>\r\n<\/div>\r\n\r\n<div class=\" col-md-4 service\">\r\n<div class=\"enigma_service_area appear-animation bounceIn appear-animation-visible\">\r\n<div class=\"enigma_service_iocn pull-left\">\r\n<i class=\"fa fa-paint-brush\"><\/i>\r\n<\/div>\r\n<div class=\"enigma_service_detail media-body\">\r\n<h3 class=\"smaller\"><strong>Anpassbarer Look<\/strong><\/h3>\r\nEinbindung eines Logos und Anpassung der Farben &#8211; abgestimmt auf die eigene CI\r\n<\/div>\r\n<\/div>\r\n<\/div>\r\n\r\n<div class=\" col-md-4 service\">\r\n<div class=\"enigma_service_area appear-animation bounceIn appear-animation-visible\">\r\n<div class=\"enigma_service_iocn pull-left\">\r\n<i class=\"fa fa-comments\"><\/i>\r\n<\/div>\r\n<div class=\"enigma_service_detail media-body\">\r\n<h3 class=\"smaller\"><strong>Chat<\/strong><\/h3>\r\neingebaute Gruppenchat-Funktion\r\n<\/div>\r\n<\/div>\r\n<\/div>\r\n\r\n<\/div>\r\n\r\n<div class=\"row isotope\" id=\"isotope-service-container\">\r\n\r\n<div class=\" col-md-4 service\">\r\n<div class=\"enigma_service_area appear-animation bounceIn appear-animation-visible\">\r\n<div class=\"enigma_service_iocn pull-left\">\r\n<i class=\"fa fa-lock\"><\/i>\r\n<\/div>\r\n<div class=\"enigma_service_detail media-body\">\r\n<h3 class=\"smaller\"><strong>Sichere Kommunikation<\/strong><\/h3>\r\nverschl\u00fcsselte Kommunikation durch HTTPS und DTLS, Passwortschutz\r\n<\/div>\r\n<\/div>\r\n<\/div>\r\n\r\n<div class=\" col-md-4 service\">\r\n<div class=\"enigma_service_area appear-animation bounceIn appear-animation-visible\">\r\n<div class=\"enigma_service_iocn pull-left\">\r\n<i class=\"fa fa-life-ring\"><\/i>\r\n<\/div>\r\n<div class=\"enigma_service_detail media-body\">\r\n<h3 class=\"smaller\"><strong>Hohe Verf\u00fcgbarkeit<\/strong><\/h3>\r\nvollst\u00e4ndig unabh\u00e4ngiger <a tabindex=\"-1\" href=\"https:\/\/backup.sessionlinkpro.com\/conferencing.php\" target=\"_blank\" rel=\"noopener noreferrer\">Backup-Server<\/a>\r\n<\/div>\r\n<\/div>\r\n<\/div>\r\n\r\n<div class=\" col-md-4 service\">\r\n<div class=\"enigma_service_area appear-animation bounceIn appear-animation-visible\">\r\n<div class=\"enigma_service_iocn pull-left\">\r\n<i class=\"fa fa-globe\"><\/i>\r\n<\/div>\r\n<div class=\"enigma_service_detail media-body\">\r\n<h3 class=\"smaller\"><strong>Gratis Netzwerk-Eintrag<\/strong><\/h3>\r\nkostenloser Eintrag ins Netzwerkverzeichnis bei der Buchung\r\n<\/div>\r\n<\/div>\r\n<\/div>\r\n\r\n<\/div>\r\n\r\n<div class=\"row isotope\" id=\"isotope-service-container\">\r\n\r\n<div class=\" col-md-4 service\">\r\n<div class=\"enigma_service_area appear-animation bounceIn appear-animation-visible\">\r\n<div class=\"enigma_service_iocn pull-left\">\r\n<i class=\"fa fa-money\"><\/i>\r\n<\/div>\r\n<div class=\"enigma_service_detail media-body\">\r\n<h3 class=\"smaller\"><strong>Einfaches Preis-Modell<\/strong><\/h3>\r\nBuchungsperioden von 1, 6 oder 12 Monaten sind m\u00f6glich\r\n<\/div>\r\n<\/div>\r\n<\/div>\r\n\r\n<div class=\" col-md-4 service\">\r\n<div class=\"enigma_service_area appear-animation bounceIn appear-animation-visible\">\r\n<div class=\"enigma_service_iocn pull-left\">\r\n<i class=\"fa fa-shopping-cart\"><\/i>\r\n<\/div>\r\n<div class=\"enigma_service_detail media-body\">\r\n<h3 class=\"smaller\"><strong>Direkte Online-Zahlung<\/strong><\/h3>\r\nautomatisches Buchungssystem: erstelle oder verl\u00e4ngere Accounts in wenigen Minuten\r\n<\/div>\r\n<\/div>\r\n<\/div>\r\n\r\n<\/div>\r\n<p style=\"text-align: center; padding-bottom: 24px\">Nicht das Richtige gefunden?&nbsp;&nbsp;<a href=\".\/?page_id=2547\">Vergleiche hier unsere unterschiedlichen Produkte!<\/a><\/p>\r\n<\/div>\r\n\r\n<div style=\"height: 50px;\"><\/div>\r\n<div class=\"enigma_heading_title2\" style=\"text-align: center\">\r\n<h2><strong>Preise<\/strong><\/h2>\r\n<\/div>\r\n<div style=\"text-align: center; margin-bottom: 20px\"><span style=\"font-size: 16px; font-weight: bold\">Mein Land&nbsp;&nbsp;&nbsp;&nbsp;<\/span><select id=\"country\" style=\"width: 255px; height: 28px\"><\/select><\/div>\r\n<div id=\"pricing\" style=\"height: 200px\">\r\n<table id=\"price_grid_ph\" style=\"position: relative; width: 347px; margin-left: auto; margin-right: auto; margin-bottom: 20px\">\r\n<tr><td style=\"width: 220px; border: 4px solid #ffffff; background-color: #efefef;\">1 Monat<\/td><td style=\"border: 4px solid #ffffff; background-color: #efefef;\"><\/td><\/tr>\r\n<tr><td style=\"border: 4px solid #ffffff; background-color: #efefef;\">6 Monate<\/td><td style=\"border: 4px solid #ffffff; background-color: #efefef;\"><\/td><\/tr>\r\n<tr><td style=\"border: 4px solid #ffffff; background-color: #efefef;\">12 Monate<\/td><td style=\"border: 4px solid #ffffff; background-color: #efefef;\"><\/td><\/tr>\r\n<tr><td colspan=\"2\" style=\"border: 4px solid #ffffff; color: #EB0000; font-size: 12px\">Bitte w\u00e4hle Dein Land aus!<\/td><\/tr>\r\n<\/table>\r\n<table id=\"price_grid_EU\" style=\"position: relative; width: 347px; margin-left: auto; margin-right: auto; display: none\">\r\n<tr><td style=\"width: 220px; border: 4px solid #ffffff; background-color: #efefef;\">1 Monat<\/td><td id=\"price_grid_EU_1\" style=\"border: 4px solid #ffffff; background-color: #efefef;\"><\/td><\/tr>\r\n<tr><td style=\"border: 4px solid #ffffff; background-color: #efefef;\">6 Monate<\/td><td id=\"price_grid_EU_6\" style=\"border: 4px solid #ffffff; background-color: #efefef;\"><\/td><\/tr>\r\n<tr><td style=\"border: 4px solid #ffffff; background-color: #efefef;\">12 Monate<\/td><td id=\"price_grid_EU_12\" style=\"border: 4px solid #ffffff; background-color: #efefef;\"><\/td><\/tr>\r\n<tr style=\"font-weight: normal;\"><td colspan=\"2\" style=\"border: 4px solid #ffffff; font-size: 12px\">* exkl. MwSt\/VAT, Steuerschuldnerschaft des Leistungsempf\u00e4ngers. Bei Buchungen ohne USt-ID Nr. (VAT registration number) berechnen wir Umsatzsteuer gem\u00e4\u00df des f\u00fcr Dein Land geltenden Umsatzsteuersatzes.<\/td><\/tr>\r\n<\/table>\r\n<table id=\"price_grid_DE\" style=\"position: relative; width: 347px; margin-left: auto; margin-right: auto; display: none\">\r\n<tr><td style=\"width: 220px; border: 4px solid #ffffff; background-color: #efefef;\">1 Monat<\/td><td id=\"price_grid_DE_1\" style=\"border: 4px solid #ffffff; background-color: #efefef;\"><\/td><\/tr>\r\n<tr><td style=\"border: 4px solid #ffffff; background-color: #efefef;\">6 Monate<\/td><td id=\"price_grid_DE_6\" style=\"border: 4px solid #ffffff; background-color: #efefef;\"><\/td><\/tr>\r\n<tr><td style=\"border: 4px solid #ffffff; background-color: #efefef;\">12 Monate<\/td><td id=\"price_grid_DE_12\" style=\"border: 4px solid #ffffff; background-color: #efefef;\"><\/td><\/tr>\r\n<tr style=\"font-weight: normal;\"><td id=\"price_grid_DE_info\" colspan=\"2\" style=\"border: 4px solid #ffffff; font-size: 12px\">* Preise enthalten 19% MwSt (VAT)<\/td><\/tr>\r\n<\/table>\r\n<table id=\"price_grid\" style=\"position: relative; width: 347px; margin-left: auto; margin-right: auto; display: none\">\r\n<tr><td style=\"width: 220px; border: 4px solid #ffffff; background-color: #efefef;\">1 Monat<\/td><td id=\"price_grid_1\" style=\"border: 4px solid #ffffff; background-color: #efefef;\"><\/td><\/tr>\r\n<tr><td style=\"border: 4px solid #ffffff; background-color: #efefef;\">6 Monate<\/td><td id=\"price_grid_6\" style=\"border: 4px solid #ffffff; background-color: #efefef;\"><\/td><\/tr>\r\n<tr><td style=\"border: 4px solid #ffffff; background-color: #efefef;\">12 Monate<\/td><td id=\"price_grid_12\" style=\"border: 4px solid #ffffff; background-color: #efefef;\"><\/td><\/tr>\r\n<tr style=\"font-weight: normal;\"><td colspan=\"2\" style=\"border: 4px solid #ffffff; font-size: 12px\">* exkl. MwSt\/VAT<\/td><\/tr>\r\n<\/table>\r\n<\/div>\r\n<p>&nbsp;<\/p>\r\n<div style=\"max-width: 297px; position: relative; margin-left: auto; margin-right: auto; padding-left: 10px\">\r\n<div class=\"enigma_service_area appear-animation bounceIn appear-animation-visible\">\r\n<div class=\"enigma_service_iocn pull-left\">\r\n<a tabindex=\"-1\" aria-hidden=\"true\" href=\".\/?page_id=28\"><i class=\"fa fa-external-link\"><\/i><\/a>\r\n<\/div>\r\n<div class=\"enigma_service_detail media-body\">\r\n<h3><a aria-label=\"gehe zur Buchungsseite\" href=\".\/?page_id=28\">Buchung<\/a><\/h3>\r\n<p><a tabindex=\"-1\" aria-hidden=\"true\" style=\"color: #444;\" href=\".\/?page_id=28\">zur Buchungs-Seite<\/a><\/p>\r\n<\/div>\r\n<\/div>\r\n<\/div>\r\n<div style=\"position: relative; max-width: 600px; margin-left: auto; margin-right: auto; font-size: 12px\">\r\nAlle Preise sind Endpreise. Die Buchung endet automatisch nach Ablauf der gew\u00e4hlten Buchungsperiode und verl\u00e4ngert sich NICHT automatisch. Das Nutzerkonto bleibt nach Ablauf der Buchungsperiode erhalten. So kann jederzeit eine weitere Periode gebucht werden.\r\n<\/div>\r\n<p style=\"font-size: 14px; margin-top: 150px\"><span style=\"vertical-align: super\">*<\/span> Voraussetzung f\u00fcr die SIP-Funktion ist ein aktiver SIP-Account bei einem beliebigen SIP-Anbieter. F\u00fcr Anrufe auf herk\u00f6mmliche Telefone muss der SIP-Account einen PSTN-Zugang beinhalten. Abh\u00e4ngig vom SIP-Anbieter k\u00f6nnen Verbindungsgeb\u00fchren anfallen.<\/p>\r\n<script src=\"\/wp-content\/slp\/page_product.js\" data-prod=\"conferencing\"><\/script>","protected":false},"excerpt":{"rendered":"<p>Was ist SessionLinkPRO | Conferencing? SessionLinkPRO | Conferencing ist ein Browser-basiertes High Quality Audio\/Video-Konferenzsystem, das \u00fcber herk\u00f6mmliche Breitband-Internetverbindungen arbeitet. Es gibt bis zu f\u00fcnf G\u00e4sten die M\u00f6glichkeit, an Produktionen teilzunehmen und Regie zu f\u00fchren, ohne dass<\/p>\n","protected":false},"author":1,"featured_media":0,"parent":0,"menu_order":0,"comment_status":"open","ping_status":"open","template":"page-fullwidth-slp.php","meta":{"footnotes":""},"class_list":["post-24","page","type-page","status-publish","hentry"],"_links":{"self":[{"href":"https:\/\/de.sessionlinkpro.com\/index.php?rest_route=\/wp\/v2\/pages\/24","targetHints":{"allow":["GET"]}}],"collection":[{"href":"https:\/\/de.sessionlinkpro.com\/index.php?rest_route=\/wp\/v2\/pages"}],"about":[{"href":"https:\/\/de.sessionlinkpro.com\/index.php?rest_route=\/wp\/v2\/types\/page"}],"author":[{"embeddable":true,"href":"https:\/\/de.sessionlinkpro.com\/index.php?rest_route=\/wp\/v2\/users\/1"}],"replies":[{"embeddable":true,"href":"https:\/\/de.sessionlinkpro.com\/index.php?rest_route=%2Fwp%2Fv2%2Fcomments&post=24"}],"version-history":[{"count":0,"href":"https:\/\/de.sessionlinkpro.com\/index.php?rest_route=\/wp\/v2\/pages\/24\/revisions"}],"wp:attachment":[{"href":"https:\/\/de.sessionlinkpro.com\/index.php?rest_route=%2Fwp%2Fv2%2Fmedia&parent=24"}],"curies":[{"name":"wp","href":"https:\/\/api.w.org\/{rel}","templated":true}]}}