{"id":2,"date":"2015-02-20T21:06:17","date_gmt":"2015-02-20T21:06:17","guid":{"rendered":"http:\/\/backup.sessionlinkpro.com\/?page_id=2"},"modified":"2025-10-16T16:55:53","modified_gmt":"2025-10-16T14:55:53","slug":"beispiel-seite","status":"publish","type":"page","link":"https:\/\/de.sessionlinkpro.com\/?page_id=2","title":{"rendered":"SessionLinkPRO | Recording"},"content":{"rendered":"<div class=\"enigma_heading_title\">\r\n<h2>Was ist SessionLinkPRO | Recording?<\/h2>\r\n<\/div>\r\n<p><strong>SessionLinkPRO | Recording ist eine professionelle, Browser-basierte Remote-Recording L\u00f6sung, die Audio\u00fcbertragungen \u00fcber eine Breitband-Internetverbindung erm\u00f6glicht. Mit Chromium-basierten Browsern wie Chromium, Google Chrome, Opera oder Microsoft Edge (neueste Generation) ist es meist nicht n\u00f6tig, zus\u00e4tzliche Software zu installieren. Mono-Verbindungen mit PCM L16 oder bis zu 256 kbit\/s OPUS-Kodierung und Stereo-Verbindungen mit PCM L16 oder bis zu 510 kbit\/s OPUS-Kodierung erm\u00f6glichen bidirektionale Audio\u00fcbertragungen in Studioqualit\u00e4t und mit niedriger Latenz. Dank des Dual Mono Modus k\u00f6nnen Verbindungen mit zwei G\u00e4sten gleichzeitig erstellt werden, nat\u00fcrlich mit vollst\u00e4ndiger Kanaltrennung. Ein zus\u00e4tzlicher MIDI-Kanal erm\u00f6glicht die Synchronisation der entfernten DAW. Und das zu einem Bruchteil der Kosten einer herk\u00f6mmlichen ISDN-\u00dcbertragung. All das macht SessionLinkPRO | Recording zu einer perfekten ISDN-Alternative!<\/strong><\/p>\r\n<p>&nbsp;<\/p>\r\n<div style=\"max-width: 630px; position: relative; margin-left: auto; margin-right: auto\">\r\n<p><strong>\u00dcberzeuge Dich selbst! Hol&#8216; Dir jetzt Deinen kostenlosen 7-Tage-Trial-Account oder f\u00fcge den Trial-Account einem bestehenden Nutzerkonto hinzu!<\/strong><\/p>\r\n<div class=\"enigma_service_area appear-animation bounceIn appear-animation-visible\">\r\n<div class=\"enigma_service_iocn pull-left\">\r\n<a tabindex=\"-1\" aria-hidden=\"true\" href=\".\/?page_id=1775&#038;product=recording\"><i class=\"fa fa-external-link\"><\/i><\/a>\r\n<\/div>\r\n<div class=\"enigma_service_detail media-body\">\r\n<h3><a aria-label=\"hier klicken, um einen Trial-Account anzufordern\" href=\".\/?page_id=1775&#038;product=recording\">Trial-Account anfordern<\/a><\/h3>\r\n<p><a aria-hidden=\"true\" tabindex=\"-1\" style=\"color: #444;\" href=\".\/?page_id=1775&#038;product=recording\">hier klicken, um einen Trial-Account anzufordern<\/a><\/p>\r\n<\/div>\r\n<\/div>\r\n<\/div>\r\n\r\n<div style=\"background-color: #efefef; padding: 15px; min-height: 406px\">\r\n<a tabindex=\"-1\" aria-hidden=\"true\" href=\".\/wp-content\/uploads\/2016\/11\/recording_new2.png\"><img decoding=\"async\" class=\"slp_img_L\" src=\".\/wp-content\/uploads\/2016\/11\/recording_new2.png\" alt=\"SessionLinkPRO | Recording\" width=\"500px\" style=\"display:block;height:auto;\" \/><p id=\"caption-attachment-1646\" class=\"wp-caption-text\" style=\"display: none\">SessionLinkPRO | Recording<\/p><\/a>\r\n<div class=\"enigma_heading_title2\">\r\n<h2><strong>Wie funktioniert das?<\/strong><\/h2>\r\n<\/div>\r\n<p>Innovative webRTC-Technologie und der hochwertige OPUS-Codec oder unkomprimiertes PCM L16 garantieren niedrige Latenz und volle Audio-Bandbreite. Automatic NAT traversal sorgt f\u00fcr stabile Verbindungen in fast jedem Netzwerk.<\/p>\r\n<p>Die Nutzeroberfl\u00e4che wirkt aufger\u00e4umt und intuitiv. Alle Einstellungen werden vom Gastgeber vorgenommen. Die G\u00e4ste erhalten eine Einladung per E-Mail &#8211; den Gastlink oder &#8222;Session Link&#8220;, den sie im Browser \u00f6ffnen. Schon kann&#8217;s losgehen!<\/p>\r\n<\/div>\r\n\r\n<div style=\"clear: left; height: 50px;\"><\/div>\r\n\r\n<div style=\"padding: 15px; min-height: 406px\">\r\n<a tabindex=\"-1\" aria-hidden=\"true\" href=\".\/wp-content\/uploads\/2017\/01\/video_300117.png\"><img decoding=\"async\" class=\"slp_img_R\" src=\".\/wp-content\/uploads\/2017\/01\/video_300117.png\" alt=\"SessionLinkPRO | Video\" width=\"500px\" style=\"display:block;height:auto;\" \/><p id=\"caption-attachment-1668\" class=\"wp-caption-text\" style=\"display: none\">SessionLinkPRO | Video<\/p><\/a>\r\n<div class=\"enigma_heading_title2\">\r\n<h2><strong>&#8230;und jetzt auch mit Video!<\/strong><\/h2>\r\n<\/div>\r\n<p>SessionLinkPRO | Video ist ein kostenloses Add-On f\u00fcr bidirektionale Video\u00fcbertragung.<\/p>\r\n<p>Es l\u00e4uft in einem eigenen Browser-Tab oder auf einem zweiten Computer. Mit einer Videocapture-Karte (z.B. Blackmagic Intensity o.\u00e4.) kann das Produktionsvideo zum Gast \u00fcbertragen werden. So kann bildsynchron gearbeitet werden, z.B. f\u00fcr TV-Spots, Dokus oder bei ADR-Aufnahmen. Nat\u00fcrlich kann man auch einfach eine Webcam \u00fcbertragen&#8230;<\/p><p>Je nach Anforderung kann SessionLinkPRO | Video im normalen Modus, Fullscreen oder mit abgekoppeltem Videofenster genutzt werden.<\/p><\/div>\r\n\r\n<div style=\"clear: right; height: 50px\"><\/div>\r\n\r\n<div id=\"feature_list\" style=\"background-color: #efefef; padding-top: 35px;\">\r\n<div class=\"enigma_heading_title2\" style=\"text-align: center\">\r\n<h2><strong>Features<\/strong><\/h2>\t\t\r\n<\/div>\r\n\r\n<div class=\"row isotope\" id=\"isotope-service-container\">\r\n\r\n<div class=\" col-md-4 service\">\r\n<div class=\"enigma_service_area appear-animation bounceIn appear-animation-visible\">\r\n<div class=\"enigma_service_iocn pull-left\">\r\n<i class=\"fa fa-laptop\"><\/i>\r\n<\/div>\r\n<div class=\"enigma_service_detail media-body\">\r\n<h3 class=\"smaller\"><strong>Kompatibilit\u00e4t<\/strong><\/h3>\r\nChromium-basierte Browser (z.B. Google Chrome, Chromium, Opera, MS Edge) unter OSX, Windows, Linux und Chrome OS\r\n<\/div>\r\n<\/div>\r\n<\/div>\r\n\r\n<div class=\" col-md-4 service\">\r\n<div class=\"enigma_service_area appear-animation bounceIn appear-animation-visible\">\r\n<div class=\"enigma_service_iocn pull-left\">\r\n<i class=\"fa fa-microphone\"><\/i>\r\n<\/div>\r\n<div class=\"enigma_service_detail media-body\">\r\n<h3 class=\"smaller\"><strong>HQ Audio<\/strong><\/h3>\r\nOPUS-Codec bis zu 256 kbit\/s Mono bzw. 510 kbit\/s Stereo oder PCM L16 Mono \/ Stereo mit niedriger Latenz\r\n<\/div>\r\n<\/div>\r\n<\/div>\r\n\r\n<div class=\" col-md-4 service\">\r\n<div class=\"enigma_service_area appear-animation bounceIn appear-animation-visible\">\r\n<div class=\"enigma_service_iocn pull-left\">\r\n<i class=\"fa fa-share-alt\"><\/i>\r\n<\/div>\r\n<div class=\"enigma_service_detail media-body\">\r\n<h3 class=\"smaller\"><strong>Dual Mono Modus<\/strong><\/h3>\r\nVerbindung mit zwei G\u00e4sten gleichzeitig &#8211; mit vollst\u00e4ndiger Kanaltrennung\r\n<\/div>\r\n<\/div>\r\n<\/div>\r\n\r\n<\/div>\r\n\r\n<div class=\"row isotope\" id=\"isotope-service-container\">\r\n\r\n<div class=\" col-md-4 service\">\r\n<div class=\"enigma_service_area appear-animation bounceIn appear-animation-visible\">\r\n<div class=\"enigma_service_iocn pull-left\">\r\n<i class=\"fa fa-video-camera\"><\/i>\r\n<\/div>\r\n<div class=\"enigma_service_detail media-body\">\r\n<h3 class=\"smaller\"><strong>Video<\/strong><\/h3>\r\n\u00dcbertragung des Produktionsvideos oder der Webcam &#8211; bidirektional\r\n<\/div>\r\n<\/div>\r\n<\/div>\r\n\r\n<div class=\" col-md-4 service\">\r\n<div class=\"enigma_service_area appear-animation bounceIn appear-animation-visible\">\r\n<div class=\"enigma_service_iocn pull-left\">\r\n<i class=\"fa fa-tty\"><\/i>\r\n<\/div>\r\n<div class=\"enigma_service_detail media-body\">\r\n<h3 class=\"smaller\"><strong>MIDI<\/strong><\/h3>\r\nMIDI-Daten k\u00f6nnen zum Gast \u00fcbertragen werden, z.B. MTC zur Synchronisation der DAW\r\n<\/div>\r\n<\/div>\r\n<\/div>\r\n\r\n<div class=\" col-md-4 service\">\r\n<div class=\"enigma_service_area appear-animation bounceIn appear-animation-visible\">\r\n<div class=\"enigma_service_iocn pull-left\">\r\n<i class=\"fa fa-file-audio-o\"><\/i>\r\n<\/div>\r\n<div class=\"enigma_service_detail media-body\">\r\n<h3 class=\"smaller\"><strong>Aufnahme<\/strong><\/h3>\r\nAufnahme des ein- oder ausgehenden Signals direkt im Browser &#8211; mit Wiederherstellung\r\n<\/div>\r\n<\/div>\r\n<\/div>\r\n\r\n<\/div>\r\n\r\n<div class=\"row isotope\" id=\"isotope-service-container\">\r\n\r\n<div class=\" col-md-4 service\">\r\n<div class=\"enigma_service_area appear-animation bounceIn appear-animation-visible\">\r\n<div class=\"enigma_service_iocn pull-left\">\r\n<i class=\"fa fa-arrows-h\"><\/i>\r\n<\/div>\r\n<div class=\"enigma_service_detail media-body\">\r\n<h3 class=\"smaller\"><strong>Auto NAT Traversal<\/strong><\/h3>\r\nfunktioniert in fast allen Netzwerkumgebungen\r\n<\/div>\r\n<\/div>\r\n<\/div>\r\n\r\n<div class=\" col-md-4 service\">\r\n<div class=\"enigma_service_area appear-animation bounceIn appear-animation-visible\">\r\n<div class=\"enigma_service_iocn pull-left\">\r\n<i class=\"fa fa-users\"><\/i>\r\n<\/div>\r\n<div class=\"enigma_service_detail media-body\">\r\n<h3 class=\"smaller\"><strong>Kostenlose Gast-Links<\/strong><\/h3>\r\nG\u00e4ste einladen per E-Mail, direkt aus dem Programm &#8211; inklusive Adressbuch\r\n<\/div>\r\n<\/div>\r\n<\/div>\r\n\r\n<div class=\" col-md-4 service\">\r\n<div class=\"enigma_service_area appear-animation bounceIn appear-animation-visible\">\r\n<div class=\"enigma_service_iocn pull-left\">\r\n<i class=\"fa fa-cogs\"><\/i>\r\n<\/div>\r\n<div class=\"enigma_service_detail media-body\">\r\n<h3 class=\"smaller\"><strong>Volle Kontrolle<\/strong><\/h3>\r\nBitrate und Kan\u00e4le f\u00fcr G\u00e4ste k\u00f6nnen voreingestellt und \u00fcberwacht werden\r\n<\/div>\r\n<\/div>\r\n<\/div>\r\n\r\n<\/div>\r\n\r\n<div class=\"row isotope\" id=\"isotope-service-container\">\r\n\r\n<div class=\" col-md-4 service\">\r\n<div class=\"enigma_service_area appear-animation bounceIn appear-animation-visible\">\r\n<div class=\"enigma_service_iocn pull-left\">\r\n<i class=\"fa fa-comments\"><\/i>\r\n<\/div>\r\n<div class=\"enigma_service_detail media-body\">\r\n<h3 class=\"smaller\"><strong>Chat<\/strong><\/h3>\r\neingebaute Chat-Funktion\r\n<\/div>\r\n<\/div>\r\n<\/div>\r\n\r\n<div class=\" col-md-4 service\">\r\n<div class=\"enigma_service_area appear-animation bounceIn appear-animation-visible\">\r\n<div class=\"enigma_service_iocn pull-left\">\r\n<i class=\"fa fa-lock\"><\/i>\r\n<\/div>\r\n<div class=\"enigma_service_detail media-body\">\r\n<h3 class=\"smaller\"><strong>Sichere Kommunikation<\/strong><\/h3>\r\nverschl\u00fcsselte Kommunikation durch HTTPS und DTLS\r\n<\/div>\r\n<\/div>\r\n<\/div>\r\n\r\n<div class=\" col-md-4 service\">\r\n<div class=\"enigma_service_area appear-animation bounceIn appear-animation-visible\">\r\n<div class=\"enigma_service_iocn pull-left\">\r\n<i class=\"fa fa-life-ring\"><\/i>\r\n<\/div>\r\n<div class=\"enigma_service_detail media-body\">\r\n<h3 class=\"smaller\"><strong>Hohe Verf\u00fcgbarkeit<\/strong><\/h3>\r\nvollst\u00e4ndig unabh\u00e4ngiger <a tabindex=\"-1\" href=\"https:\/\/backup.sessionlinkpro.com\/\" target=\"_blank\" rel=\"noopener noreferrer\">Backup-Server<\/a>\r\n<\/div>\r\n<\/div>\r\n<\/div>\r\n\r\n<\/div>\r\n\r\n<div class=\"row isotope\" id=\"isotope-service-container\">\r\n\r\n<div class=\" col-md-4 service\">\r\n<div class=\"enigma_service_area appear-animation bounceIn appear-animation-visible\">\r\n<div class=\"enigma_service_iocn pull-left\">\r\n<i class=\"fa fa-globe\"><\/i>\r\n<\/div>\r\n<div class=\"enigma_service_detail media-body\">\r\n<h3 class=\"smaller\"><strong>Gratis Netzwerk-Eintrag<\/strong><\/h3>\r\nkostenloser Eintrag ins Netzwerkverzeichnis bei der Buchung\r\n<\/div>\r\n<\/div>\r\n<\/div>\r\n\r\n<div class=\" col-md-4 service\">\r\n<div class=\"enigma_service_area appear-animation bounceIn appear-animation-visible\">\r\n<div class=\"enigma_service_iocn pull-left\">\r\n<i class=\"fa fa-money\"><\/i>\r\n<\/div>\r\n<div class=\"enigma_service_detail media-body\">\r\n<h3 class=\"smaller\"><strong>Einfaches Preis-Modell<\/strong><\/h3>\r\nBuchungsperioden von 1, 6 oder 12 Monaten sind m\u00f6glich\r\n<\/div>\r\n<\/div>\r\n<\/div>\r\n\r\n<div class=\" col-md-4 service\">\r\n<div class=\"enigma_service_area appear-animation bounceIn appear-animation-visible\">\r\n<div class=\"enigma_service_iocn pull-left\">\r\n<i class=\"fa fa-shopping-cart\"><\/i>\r\n<\/div>\r\n<div class=\"enigma_service_detail media-body\">\r\n<h3 class=\"smaller\"><strong>Direkte Online-Zahlung<\/strong><\/h3>\r\nautomatisches Buchungssystem: erstelle oder verl\u00e4ngere Accounts in wenigen Minuten\r\n<\/div>\r\n<\/div>\r\n<\/div>\r\n\r\n<\/div>\r\n<p style=\"text-align: center; padding-bottom: 24px\">Nicht das Richtige gefunden?&nbsp;&nbsp;<a href=\".\/?page_id=2547\">Vergleiche hier unsere unterschiedlichen Produkte!<\/a><\/p>\r\n<\/div>\r\n\r\n<div style=\"height: 50px;\"><\/div>\r\n<div class=\"enigma_heading_title2\" style=\"text-align: center\">\r\n<h2><strong>Preise<\/strong><\/h2>\r\n<\/div>\r\n<div style=\"text-align: center; margin-bottom: 20px\"><span style=\"font-size: 16px; font-weight: bold\">Mein Land&nbsp;&nbsp;&nbsp;&nbsp;<\/span><select id=\"country\" style=\"width: 255px; height: 28px\"><\/select><\/div>\r\n<div id=\"pricing\" style=\"height: 200px\">\r\n<table id=\"price_grid_ph\" style=\"position: relative; width: 347px; margin-left: auto; margin-right: auto; margin-bottom: 20px\">\r\n<tr><td style=\"width: 220px; border: 4px solid #ffffff; background-color: #efefef;\">1 Monat<\/td><td style=\"border: 4px solid #ffffff; background-color: #efefef;\"><\/td><\/tr>\r\n<tr><td style=\"border: 4px solid #ffffff; background-color: #efefef;\">6 Monate<\/td><td style=\"border: 4px solid #ffffff; background-color: #efefef;\"><\/td><\/tr>\r\n<tr><td style=\"border: 4px solid #ffffff; background-color: #efefef;\">12 Monate<\/td><td style=\"border: 4px solid #ffffff; background-color: #efefef;\"><\/td><\/tr>\r\n<tr><td colspan=\"2\" style=\"border: 4px solid #ffffff; color: #EB0000; font-size: 12px\">Bitte w\u00e4hle Dein Land aus!<\/td><\/tr>\r\n<\/table>\r\n<table id=\"price_grid_EU\" style=\"position: relative; width: 347px; margin-left: auto; margin-right: auto; display: none\">\r\n<tr><td style=\"width: 220px; border: 4px solid #ffffff; background-color: #efefef;\">1 Monat<\/td><td id=\"price_grid_EU_1\" style=\"border: 4px solid #ffffff; background-color: #efefef;\"><\/td><\/tr>\r\n<tr><td style=\"border: 4px solid #ffffff; background-color: #efefef;\">6 Monate<\/td><td id=\"price_grid_EU_6\" style=\"border: 4px solid #ffffff; background-color: #efefef;\"><\/td><\/tr>\r\n<tr><td style=\"border: 4px solid #ffffff; background-color: #efefef;\">12 Monate<\/td><td id=\"price_grid_EU_12\" style=\"border: 4px solid #ffffff; background-color: #efefef;\"><\/td><\/tr>\r\n<tr style=\"font-weight: normal;\"><td colspan=\"2\" style=\"border: 4px solid #ffffff; font-size: 12px\">* exkl. MwSt\/VAT, Steuerschuldnerschaft des Leistungsempf\u00e4ngers. Bei Buchungen ohne USt-ID Nr. (VAT registration number) berechnen wir Umsatzsteuer gem\u00e4\u00df des f\u00fcr Dein Land geltenden Umsatzsteuersatzes.<\/td><\/tr>\r\n<\/table>\r\n<table id=\"price_grid_DE\" style=\"position: relative; width: 347px; margin-left: auto; margin-right: auto; display: none\">\r\n<tr><td style=\"width: 220px; border: 4px solid #ffffff; background-color: #efefef;\">1 Monat<\/td><td id=\"price_grid_DE_1\" style=\"border: 4px solid #ffffff; background-color: #efefef;\"><\/td><\/tr>\r\n<tr><td style=\"border: 4px solid #ffffff; background-color: #efefef;\">6 Monate<\/td><td id=\"price_grid_DE_6\" style=\"border: 4px solid #ffffff; background-color: #efefef;\"><\/td><\/tr>\r\n<tr><td style=\"border: 4px solid #ffffff; background-color: #efefef;\">12 Monate<\/td><td id=\"price_grid_DE_12\" style=\"border: 4px solid #ffffff; background-color: #efefef;\"><\/td><\/tr>\r\n<tr style=\"font-weight: normal;\"><td id=\"price_grid_DE_info\"colspan=\"2\" style=\"border: 4px solid #ffffff; font-size: 12px\">* Preise enthalten 19% MwSt (VAT)<\/td><\/tr>\r\n<\/table>\r\n<table id=\"price_grid\" style=\"position: relative; width: 347px; margin-left: auto; margin-right: auto; display: none\">\r\n<tr><td style=\"width: 220px; border: 4px solid #ffffff; background-color: #efefef;\">1 Monat<\/td><td id=\"price_grid_1\" style=\"border: 4px solid #ffffff; background-color: #efefef;\"><\/td><\/tr>\r\n<tr><td style=\"border: 4px solid #ffffff; background-color: #efefef;\">6 Monate<\/td><td id=\"price_grid_6\" style=\"border: 4px solid #ffffff; background-color: #efefef;\"><\/td><\/tr>\r\n<tr><td style=\"border: 4px solid #ffffff; background-color: #efefef;\">12 Monate<\/td><td id=\"price_grid_12\" style=\"border: 4px solid #ffffff; background-color: #efefef;\"><\/td><\/tr>\r\n<tr style=\"font-weight: normal;\"><td colspan=\"2\" style=\"border: 4px solid #ffffff; font-size: 12px\">* exkl. MwSt\/VAT<\/td><\/tr>\r\n<\/table>\r\n<\/div>\r\n<p>&nbsp;<\/p>\r\n<div style=\"max-width: 297px; position: relative; margin-left: auto; margin-right: auto; padding-left: 10px\">\r\n<div class=\"enigma_service_area appear-animation bounceIn appear-animation-visible\">\r\n<div class=\"enigma_service_iocn pull-left\">\r\n<a tabindex=\"-1\" aria-hidden=\"true\" href=\".\/?page_id=28\"><i class=\"fa fa-external-link\"><\/i><\/a>\r\n<\/div>\r\n<div class=\"enigma_service_detail media-body\">\r\n<h3><a aria-label=\"gehe zur Buchungsseite\" href=\".\/?page_id=28\">Buchung<\/a><\/h3>\r\n<p><a tabindex=\"-1\" aria-hidden=\"true\" style=\"color: #444;\" href=\".\/?page_id=28\">zur Buchungs-Seite<\/a><\/p>\r\n<\/div>\r\n<\/div>\r\n<\/div>\r\n<div style=\"position: relative; max-width: 600px; margin-left: auto; margin-right: auto; font-size: 12px\">\r\nAlle Preise sind Endpreise. Die Buchung endet automatisch nach Ablauf der gew\u00e4hlten Buchungsperiode und verl\u00e4ngert sich NICHT automatisch. Das Nutzerkonto bleibt nach Ablauf der Buchungsperiode erhalten. So kann jederzeit eine weitere Periode gebucht werden.\r\n<\/div>\r\n<script src=\"\/wp-content\/slp\/page_product.js\" data-prod=\"recording\"><\/script>","protected":false},"excerpt":{"rendered":"<p>Was ist SessionLinkPRO | Recording? SessionLinkPRO | Recording ist eine professionelle, Browser-basierte Remote-Recording L\u00f6sung, die Audio\u00fcbertragungen \u00fcber eine Breitband-Internetverbindung erm\u00f6glicht. Mit Chromium-basierten Browsern wie Chromium, Google Chrome, Opera oder Microsoft Edge (neueste Generation) ist es meist<\/p>\n","protected":false},"author":1,"featured_media":0,"parent":0,"menu_order":0,"comment_status":"open","ping_status":"open","template":"page-fullwidth-slp.php","meta":{"footnotes":""},"class_list":["post-2","page","type-page","status-publish","hentry"],"_links":{"self":[{"href":"https:\/\/de.sessionlinkpro.com\/index.php?rest_route=\/wp\/v2\/pages\/2","targetHints":{"allow":["GET"]}}],"collection":[{"href":"https:\/\/de.sessionlinkpro.com\/index.php?rest_route=\/wp\/v2\/pages"}],"about":[{"href":"https:\/\/de.sessionlinkpro.com\/index.php?rest_route=\/wp\/v2\/types\/page"}],"author":[{"embeddable":true,"href":"https:\/\/de.sessionlinkpro.com\/index.php?rest_route=\/wp\/v2\/users\/1"}],"replies":[{"embeddable":true,"href":"https:\/\/de.sessionlinkpro.com\/index.php?rest_route=%2Fwp%2Fv2%2Fcomments&post=2"}],"version-history":[{"count":0,"href":"https:\/\/de.sessionlinkpro.com\/index.php?rest_route=\/wp\/v2\/pages\/2\/revisions"}],"wp:attachment":[{"href":"https:\/\/de.sessionlinkpro.com\/index.php?rest_route=%2Fwp%2Fv2%2Fmedia&parent=2"}],"curies":[{"name":"wp","href":"https:\/\/api.w.org\/{rel}","templated":true}]}}